{"id":12679,"date":"2023-03-25T16:17:13","date_gmt":"2023-03-25T15:17:13","guid":{"rendered":"https:\/\/frohsinn.com\/cms\/?page_id=12679"},"modified":"2024-05-27T21:38:57","modified_gmt":"2024-05-27T20:38:57","slug":"200-jahre-bb-frohsinn-2","status":"publish","type":"page","link":"https:\/\/frohsinn.com\/cms\/?page_id=12679","title":{"rendered":"200 Jahre BB Frohsinn"},"content":{"rendered":"\n<p><\/p>\n\n\n\n<p>Mit Stolz und Freude kann die Brass Band \u00abFrohsinn\u00bb Laupersdorf in diesem Jahr ihr 200-j\u00e4hriges Bestehen feiern und dabei auf eine wechselvolle Vereinsgeschichte zur\u00fcckblicken. Als zweit\u00e4ltester Musikverein des Kantons und als einer der \u00e4lteren Musikvereine landesweit begeht die \u00abFrohsinn\u00bb immerhin ein Jubil\u00e4um, das als eher selten zu bezeichnen ist. Vor allem ist ein solches Ereignis in unserer schnelllebigen und sich rasant ver\u00e4ndernden Welt ein Beweis f\u00fcr Best\u00e4ndigkeit, Tradition und Verwurzelung.<\/p>\n\n\n\n<p>Ein vierk\u00f6pfiges Team, zusammengesetzt aus aktiven Musikanten, hat die Geschichte der \u00abFrohsinn\u00bb aufgearbeitet. In unz\u00e4hligen Stunden wurden diverse schriftliche \u00dcberlieferungen gesichtet, alte Protokolle gelesen und daraus eine Auswahl getroffen. Die Arbeitsgruppe \u00abChronik\u00bb hat dabei versucht, Wichtiges von weniger Wichtigem zu unterscheiden und hat die 200-j\u00e4hrige Vereinsgeschichte in groben Z\u00fcgen, aber auch mit einzelnen Details, niedergeschrieben. So ist eine 50 Seiten umfassende, interessante und gef\u00e4llige Festschrift entstanden. Der Text wird aufgelockert durch viele passende Fotos aus den jeweiligen Epochen und die ganze Chronik erscheint in einem frischen und ansprechenden grafischen Design.<\/p>\n\n\n\n<p>Die Chronik liegt bei der Gemeindekanzlei unentgeltlich auf oder kann auch bei der \u00abFrohsinn\u00bb direkt bezogen werden.<\/p>\n\n\n\n<p>Daniel Fl\u00fcck<\/p>\n\n\n\n<div class=\"wp-block-jetpack-tiled-gallery aligncenter is-style-rectangular\"><div class=\"tiled-gallery__gallery\"><div class=\"tiled-gallery__row\"><div class=\"tiled-gallery__col\" style=\"flex-basis:100.00000%\"><figure class=\"tiled-gallery__item\"><img decoding=\"async\" srcset=\"https:\/\/i0.wp.com\/frohsinn.com\/cms\/wp-content\/uploads\/Chronik200-1-1024x796.jpg?strip=info&#038;w=600&#038;ssl=1 600w,https:\/\/i0.wp.com\/frohsinn.com\/cms\/wp-content\/uploads\/Chronik200-1-1024x796.jpg?strip=info&#038;w=900&#038;ssl=1 900w,https:\/\/i0.wp.com\/frohsinn.com\/cms\/wp-content\/uploads\/Chronik200-1-1024x796.jpg?strip=info&#038;w=1200&#038;ssl=1 1200w,https:\/\/i0.wp.com\/frohsinn.com\/cms\/wp-content\/uploads\/Chronik200-1-1024x796.jpg?strip=info&#038;w=1500&#038;ssl=1 1500w,https:\/\/i0.wp.com\/frohsinn.com\/cms\/wp-content\/uploads\/Chronik200-1-1024x796.jpg?strip=info&#038;w=1800&#038;ssl=1 1800w,https:\/\/i0.wp.com\/frohsinn.com\/cms\/wp-content\/uploads\/Chronik200-1-1024x796.jpg?strip=info&#038;w=2000&#038;ssl=1 2000w\" alt=\"\" data-height=\"1991\" data-id=\"13928\" data-link=\"https:\/\/frohsinn.com\/cms\/?attachment_id=13928\" data-url=\"https:\/\/frohsinn.com\/cms\/wp-content\/uploads\/Chronik200-1-1024x796.jpg\" data-width=\"2560\" src=\"https:\/\/i0.wp.com\/frohsinn.com\/cms\/wp-content\/uploads\/Chronik200-1-1024x796.jpg?ssl=1\" data-amp-layout=\"responsive\"\/><\/figure><\/div><\/div><\/div><\/div>\n\n\n\n<p><\/p>\n","protected":false},"excerpt":{"rendered":"<p>Mit Stolz und Freude kann die Brass Band \u00abFrohsinn\u00bb Laupersdorf in diesem Jahr ihr 200-j\u00e4hriges Bestehen feiern und dabei auf eine wechselvolle Vereinsgeschichte zur\u00fcckblicken. Als zweit\u00e4ltester Musikverein des Kantons und als einer der \u00e4lteren Musikvereine landesweit begeht die \u00abFrohsinn\u00bb immerhin ein Jubil\u00e4um, das als eher selten zu bezeichnen ist. Vor allem ist ein solches Ereignis &hellip; <\/p>\n<p class=\"link-more\"><a href=\"https:\/\/frohsinn.com\/cms\/?page_id=12679\" class=\"more-link\"><span class=\"screen-reader-text\">\u201e200 Jahre BB Frohsinn\u201c <\/span>weiterlesen<\/a><\/p>\n","protected":false},"author":4,"featured_media":0,"parent":12715,"menu_order":0,"comment_status":"closed","ping_status":"closed","template":"","meta":{"ngg_post_thumbnail":0,"jetpack_post_was_ever_published":false,"footnotes":""},"class_list":["post-12679","page","type-page","status-publish","hentry"],"jetpack_shortlink":"https:\/\/wp.me\/P1t2Ta-3iv","jetpack_sharing_enabled":true,"_links":{"self":[{"href":"https:\/\/frohsinn.com\/cms\/index.php?rest_route=\/wp\/v2\/pages\/12679","targetHints":{"allow":["GET"]}}],"collection":[{"href":"https:\/\/frohsinn.com\/cms\/index.php?rest_route=\/wp\/v2\/pages"}],"about":[{"href":"https:\/\/frohsinn.com\/cms\/index.php?rest_route=\/wp\/v2\/types\/page"}],"author":[{"embeddable":true,"href":"https:\/\/frohsinn.com\/cms\/index.php?rest_route=\/wp\/v2\/users\/4"}],"replies":[{"embeddable":true,"href":"https:\/\/frohsinn.com\/cms\/index.php?rest_route=%2Fwp%2Fv2%2Fcomments&post=12679"}],"version-history":[{"count":14,"href":"https:\/\/frohsinn.com\/cms\/index.php?rest_route=\/wp\/v2\/pages\/12679\/revisions"}],"predecessor-version":[{"id":13931,"href":"https:\/\/frohsinn.com\/cms\/index.php?rest_route=\/wp\/v2\/pages\/12679\/revisions\/13931"}],"up":[{"embeddable":true,"href":"https:\/\/frohsinn.com\/cms\/index.php?rest_route=\/wp\/v2\/pages\/12715"}],"wp:attachment":[{"href":"https:\/\/frohsinn.com\/cms\/index.php?rest_route=%2Fwp%2Fv2%2Fmedia&parent=12679"}],"curies":[{"name":"wp","href":"https:\/\/api.w.org\/{rel}","templated":true}]}}