{"id":12681,"date":"2023-03-25T16:17:13","date_gmt":"2023-03-25T15:17:13","guid":{"rendered":"https:\/\/frohsinn.com\/cms\/?page_id=12681"},"modified":"2024-06-21T18:36:13","modified_gmt":"2024-06-21T17:36:13","slug":"ausstellung","status":"publish","type":"page","link":"https:\/\/frohsinn.com\/cms\/?page_id=12681","title":{"rendered":"Jubil\u00e4umsausstellung"},"content":{"rendered":"\n<p>Die \u00abFrohsinn\u00bb kann mit ihrer 200-j\u00e4hrigen Geschichte auf eine lange und bewegte Vergangenheit zur\u00fcckschauen. In diesen Jahren haben sich eine Vielzahl spannender Unterlagen und Gegenst\u00e4nde angesammelt. Da gibt es zum Beispiel die Original-Gr\u00fcndungsurkunde, rare Instrumente, Noten aus verschiedenen Epochen, f\u00fcnf unterschiedliche Uniformen, drei aufw\u00e4ndig verzierte Fahnen und vieles mehr. <br><br>Voller Freude und Stolz zeigen wir diese \u00abFrohsinn-Sch\u00e4tze\u00bb an der Ausstellung am Jubil\u00e4umsfest:<\/p>\n\n\n\n<p class=\"has-luminous-vivid-amber-background-color has-background\"><strong>Jubil\u00e4umsfest<br>Mehrzweckhalle Laupersdorf \/ Galerie <\/strong><br><strong><br>Samstag, 7. September 2024 <br>16.00 Uhr \u2013 19.00 Uhr<\/strong><br><strong><br>Sonntag, 8. September 2024 <br>11.00 Uhr \u2013 14.00 Uhr<\/strong> <\/p>\n\n\n\n<div class=\"wp-block-columns is-layout-flex wp-container-core-columns-is-layout-9d6595d7 wp-block-columns-is-layout-flex\">\n<div class=\"wp-block-column is-layout-flow wp-block-column-is-layout-flow\" style=\"flex-basis:100%\">\n<div class=\"wp-block-group\"><div class=\"wp-block-group__inner-container is-layout-constrained wp-block-group-is-layout-constrained\">\n<div class=\"wp-block-group\"><div class=\"wp-block-group__inner-container is-layout-constrained wp-block-group-is-layout-constrained\">\n<div class=\"wp-block-jetpack-tiled-gallery aligncenter is-style-rectangular\"><div class=\"tiled-gallery__gallery\"><div class=\"tiled-gallery__row\"><div class=\"tiled-gallery__col\" style=\"flex-basis:100.00000%\"><figure class=\"tiled-gallery__item\"><img decoding=\"async\" srcset=\"https:\/\/i1.wp.com\/frohsinn.com\/cms\/wp-content\/uploads\/slider_pauke-e1380359454571.png?strip=info&#038;w=600&#038;ssl=1 600w,https:\/\/i1.wp.com\/frohsinn.com\/cms\/wp-content\/uploads\/slider_pauke-e1380359454571.png?strip=info&#038;w=900&#038;ssl=1 900w,https:\/\/i1.wp.com\/frohsinn.com\/cms\/wp-content\/uploads\/slider_pauke-e1380359454571.png?strip=info&#038;w=919&#038;ssl=1 919w\" alt=\"\" data-height=\"349\" data-id=\"2257\" data-link=\"https:\/\/frohsinn.com\/cms\/?attachment_id=2257\" data-url=\"https:\/\/frohsinn.com\/cms\/wp-content\/uploads\/slider_pauke-e1380359454571.png\" data-width=\"919\" src=\"https:\/\/i1.wp.com\/frohsinn.com\/cms\/wp-content\/uploads\/slider_pauke-e1380359454571.png?ssl=1\" data-amp-layout=\"responsive\"\/><\/figure><\/div><\/div><div class=\"tiled-gallery__row\"><div class=\"tiled-gallery__col\" style=\"flex-basis:28.57048%\"><figure class=\"tiled-gallery__item\"><img decoding=\"async\" srcset=\"https:\/\/i0.wp.com\/frohsinn.com\/cms\/wp-content\/uploads\/3-14-576x1024.jpg?strip=info&#038;w=600&#038;ssl=1 600w,https:\/\/i0.wp.com\/frohsinn.com\/cms\/wp-content\/uploads\/3-14-576x1024.jpg?strip=info&#038;w=900&#038;ssl=1 900w,https:\/\/i0.wp.com\/frohsinn.com\/cms\/wp-content\/uploads\/3-14-576x1024.jpg?strip=info&#038;w=1080&#038;ssl=1 1080w\" alt=\"\" data-height=\"1920\" data-id=\"12655\" data-link=\"https:\/\/frohsinn.com\/cms\/?attachment_id=12655\" data-url=\"https:\/\/frohsinn.com\/cms\/wp-content\/uploads\/3-14-576x1024.jpg\" data-width=\"1080\" src=\"https:\/\/i0.wp.com\/frohsinn.com\/cms\/wp-content\/uploads\/3-14-576x1024.jpg?ssl=1\" data-amp-layout=\"responsive\"\/><\/figure><\/div><div class=\"tiled-gallery__col\" style=\"flex-basis:33.42530%\"><figure class=\"tiled-gallery__item\"><img decoding=\"async\" srcset=\"https:\/\/i1.wp.com\/frohsinn.com\/cms\/wp-content\/uploads\/IMG_2678.jpg?strip=info&#038;w=600&#038;ssl=1 600w,https:\/\/i1.wp.com\/frohsinn.com\/cms\/wp-content\/uploads\/IMG_2678.jpg?strip=info&#038;w=640&#038;ssl=1 640w\" alt=\"\" data-height=\"480\" data-id=\"9360\" data-link=\"https:\/\/frohsinn.com\/cms\/?attachment_id=9360\" data-url=\"https:\/\/frohsinn.com\/cms\/wp-content\/uploads\/IMG_2678.jpg\" data-width=\"640\" src=\"https:\/\/i1.wp.com\/frohsinn.com\/cms\/wp-content\/uploads\/IMG_2678.jpg?ssl=1\" data-amp-layout=\"responsive\"\/><\/figure><figure class=\"tiled-gallery__item\"><img decoding=\"async\" srcset=\"https:\/\/i2.wp.com\/frohsinn.com\/cms\/wp-content\/uploads\/14.jpg?strip=info&#038;w=578&#038;ssl=1 578w\" alt=\"\" data-height=\"433\" data-id=\"9340\" data-link=\"https:\/\/frohsinn.com\/cms\/?attachment_id=9340\" data-url=\"https:\/\/frohsinn.com\/cms\/wp-content\/uploads\/14.jpg\" data-width=\"578\" src=\"https:\/\/i2.wp.com\/frohsinn.com\/cms\/wp-content\/uploads\/14.jpg?ssl=1\" data-amp-layout=\"responsive\"\/><\/figure><\/div><div class=\"tiled-gallery__col\" style=\"flex-basis:38.00422%\"><figure class=\"tiled-gallery__item\"><img decoding=\"async\" srcset=\"https:\/\/i0.wp.com\/frohsinn.com\/cms\/wp-content\/uploads\/IMG_2674-2.jpg?strip=info&#038;w=480&#038;ssl=1 480w\" alt=\"\" data-height=\"640\" data-id=\"9336\" data-link=\"https:\/\/frohsinn.com\/cms\/?attachment_id=9336\" data-url=\"https:\/\/frohsinn.com\/cms\/wp-content\/uploads\/IMG_2674-2.jpg\" data-width=\"480\" src=\"https:\/\/i0.wp.com\/frohsinn.com\/cms\/wp-content\/uploads\/IMG_2674-2.jpg?ssl=1\" data-amp-layout=\"responsive\"\/><\/figure><\/div><\/div><div class=\"tiled-gallery__row\"><div class=\"tiled-gallery__col\" style=\"flex-basis:68.82120%\"><figure class=\"tiled-gallery__item\"><img decoding=\"async\" srcset=\"https:\/\/i0.wp.com\/frohsinn.com\/cms\/wp-content\/uploads\/balsthal.jpg?strip=info&#038;w=400&#038;ssl=1 400w\" alt=\"\" data-height=\"265\" data-id=\"644\" data-link=\"https:\/\/frohsinn.com\/cms\/?attachment_id=644\" data-url=\"https:\/\/frohsinn.com\/cms\/wp-content\/uploads\/balsthal.jpg\" data-width=\"400\" src=\"https:\/\/i0.wp.com\/frohsinn.com\/cms\/wp-content\/uploads\/balsthal.jpg?ssl=1\" data-amp-layout=\"responsive\"\/><\/figure><\/div><div class=\"tiled-gallery__col\" style=\"flex-basis:31.17880%\"><figure class=\"tiled-gallery__item\"><img decoding=\"async\" srcset=\"https:\/\/i0.wp.com\/frohsinn.com\/cms\/wp-content\/uploads\/1911-e1301429420939.jpg?strip=info&#038;w=300&#038;ssl=1 300w\" alt=\"Beschreibung\" data-height=\"222\" data-id=\"582\" data-link=\"https:\/\/frohsinn.com\/cms\/?attachment_id=582\" data-url=\"https:\/\/frohsinn.com\/cms\/wp-content\/uploads\/1911-e1301429420939.jpg\" data-width=\"300\" src=\"https:\/\/i0.wp.com\/frohsinn.com\/cms\/wp-content\/uploads\/1911-e1301429420939.jpg?ssl=1\" data-amp-layout=\"responsive\"\/><\/figure><figure class=\"tiled-gallery__item\"><img decoding=\"async\" srcset=\"https:\/\/i0.wp.com\/frohsinn.com\/cms\/wp-content\/uploads\/150-Jahre2-1024x731.jpg?strip=info&#038;w=600&#038;ssl=1 600w,https:\/\/i0.wp.com\/frohsinn.com\/cms\/wp-content\/uploads\/150-Jahre2-1024x731.jpg?strip=info&#038;w=900&#038;ssl=1 900w,https:\/\/i0.wp.com\/frohsinn.com\/cms\/wp-content\/uploads\/150-Jahre2-1024x731.jpg?strip=info&#038;w=1200&#038;ssl=1 1200w,https:\/\/i0.wp.com\/frohsinn.com\/cms\/wp-content\/uploads\/150-Jahre2-1024x731.jpg?strip=info&#038;w=1500&#038;ssl=1 1500w,https:\/\/i0.wp.com\/frohsinn.com\/cms\/wp-content\/uploads\/150-Jahre2-1024x731.jpg?strip=info&#038;w=1800&#038;ssl=1 1800w,https:\/\/i0.wp.com\/frohsinn.com\/cms\/wp-content\/uploads\/150-Jahre2-1024x731.jpg?strip=info&#038;w=1925&#038;ssl=1 1925w\" alt=\"\" data-height=\"1374\" data-id=\"12838\" data-link=\"https:\/\/frohsinn.com\/cms\/?attachment_id=12838\" data-url=\"https:\/\/frohsinn.com\/cms\/wp-content\/uploads\/150-Jahre2-1024x731.jpg\" data-width=\"1925\" src=\"https:\/\/i0.wp.com\/frohsinn.com\/cms\/wp-content\/uploads\/150-Jahre2-1024x731.jpg?ssl=1\" data-amp-layout=\"responsive\"\/><\/figure><\/div><\/div><div class=\"tiled-gallery__row\"><div class=\"tiled-gallery__col\" style=\"flex-basis:32.11961%\"><figure class=\"tiled-gallery__item\"><img decoding=\"async\" srcset=\"https:\/\/i2.wp.com\/frohsinn.com\/cms\/wp-content\/uploads\/DSC_2017_web-1.jpg?strip=info&#038;w=600&#038;ssl=1 600w,https:\/\/i2.wp.com\/frohsinn.com\/cms\/wp-content\/uploads\/DSC_2017_web-1.jpg?strip=info&#038;w=900&#038;ssl=1 900w,https:\/\/i2.wp.com\/frohsinn.com\/cms\/wp-content\/uploads\/DSC_2017_web-1.jpg?strip=info&#038;w=1000&#038;ssl=1 1000w\" alt=\"\" data-height=\"665\" data-id=\"12744\" data-link=\"https:\/\/frohsinn.com\/cms\/?attachment_id=12744\" data-url=\"https:\/\/frohsinn.com\/cms\/wp-content\/uploads\/DSC_2017_web-1.jpg\" data-width=\"1000\" src=\"https:\/\/i2.wp.com\/frohsinn.com\/cms\/wp-content\/uploads\/DSC_2017_web-1.jpg?ssl=1\" data-amp-layout=\"responsive\"\/><\/figure><figure class=\"tiled-gallery__item\"><img decoding=\"async\" srcset=\"https:\/\/i0.wp.com\/frohsinn.com\/cms\/wp-content\/uploads\/DSC_2091_web-1.jpg?strip=info&#038;w=600&#038;ssl=1 600w,https:\/\/i0.wp.com\/frohsinn.com\/cms\/wp-content\/uploads\/DSC_2091_web-1.jpg?strip=info&#038;w=900&#038;ssl=1 900w,https:\/\/i0.wp.com\/frohsinn.com\/cms\/wp-content\/uploads\/DSC_2091_web-1.jpg?strip=info&#038;w=1000&#038;ssl=1 1000w\" alt=\"\" data-height=\"665\" data-id=\"12743\" data-link=\"https:\/\/frohsinn.com\/cms\/?attachment_id=12743\" data-url=\"https:\/\/frohsinn.com\/cms\/wp-content\/uploads\/DSC_2091_web-1.jpg\" data-width=\"1000\" src=\"https:\/\/i0.wp.com\/frohsinn.com\/cms\/wp-content\/uploads\/DSC_2091_web-1.jpg?ssl=1\" data-amp-layout=\"responsive\"\/><\/figure><\/div><div class=\"tiled-gallery__col\" style=\"flex-basis:67.88039%\"><figure class=\"tiled-gallery__item\"><img decoding=\"async\" srcset=\"https:\/\/i2.wp.com\/frohsinn.com\/cms\/wp-content\/uploads\/Chronik8-1024x649.jpg?strip=info&#038;w=600&#038;ssl=1 600w,https:\/\/i2.wp.com\/frohsinn.com\/cms\/wp-content\/uploads\/Chronik8-1024x649.jpg?strip=info&#038;w=900&#038;ssl=1 900w,https:\/\/i2.wp.com\/frohsinn.com\/cms\/wp-content\/uploads\/Chronik8-1024x649.jpg?strip=info&#038;w=1200&#038;ssl=1 1200w,https:\/\/i2.wp.com\/frohsinn.com\/cms\/wp-content\/uploads\/Chronik8-1024x649.jpg?strip=info&#038;w=1500&#038;ssl=1 1500w,https:\/\/i2.wp.com\/frohsinn.com\/cms\/wp-content\/uploads\/Chronik8-1024x649.jpg?strip=info&#038;w=1800&#038;ssl=1 1800w,https:\/\/i2.wp.com\/frohsinn.com\/cms\/wp-content\/uploads\/Chronik8-1024x649.jpg?strip=info&#038;w=1880&#038;ssl=1 1880w\" alt=\"\" data-height=\"1191\" data-id=\"12815\" data-link=\"https:\/\/frohsinn.com\/cms\/?attachment_id=12815\" data-url=\"https:\/\/frohsinn.com\/cms\/wp-content\/uploads\/Chronik8-1024x649.jpg\" data-width=\"1880\" src=\"https:\/\/i2.wp.com\/frohsinn.com\/cms\/wp-content\/uploads\/Chronik8-1024x649.jpg?ssl=1\" data-amp-layout=\"responsive\"\/><\/figure><\/div><\/div><\/div><\/div>\n<\/div><\/div>\n<\/div><\/div>\n<\/div>\n<\/div>\n\n\n\n<p><strong>Das Team Ausstellung<\/strong><br>Sandra Fl\u00fcck, Patrick Meister, Marianne &amp; Roland Kamber, Gabriel Schaad<\/p>\n","protected":false},"excerpt":{"rendered":"<p>Die \u00abFrohsinn\u00bb kann mit ihrer 200-j\u00e4hrigen Geschichte auf eine lange und bewegte Vergangenheit zur\u00fcckschauen. In diesen Jahren haben sich eine Vielzahl spannender Unterlagen und Gegenst\u00e4nde angesammelt. Da gibt es zum Beispiel die Original-Gr\u00fcndungsurkunde, rare Instrumente, Noten aus verschiedenen Epochen, f\u00fcnf unterschiedliche Uniformen, drei aufw\u00e4ndig verzierte Fahnen und vieles mehr. Voller Freude und Stolz zeigen wir &hellip; <\/p>\n<p class=\"link-more\"><a href=\"https:\/\/frohsinn.com\/cms\/?page_id=12681\" class=\"more-link\"><span class=\"screen-reader-text\">\u201eJubil\u00e4umsausstellung\u201c <\/span>weiterlesen<\/a><\/p>\n","protected":false},"author":4,"featured_media":0,"parent":12715,"menu_order":0,"comment_status":"closed","ping_status":"closed","template":"","meta":{"ngg_post_thumbnail":0,"jetpack_post_was_ever_published":false,"footnotes":""},"class_list":["post-12681","page","type-page","status-publish","hentry"],"jetpack_shortlink":"https:\/\/wp.me\/P1t2Ta-3ix","jetpack_sharing_enabled":true,"_links":{"self":[{"href":"https:\/\/frohsinn.com\/cms\/index.php?rest_route=\/wp\/v2\/pages\/12681","targetHints":{"allow":["GET"]}}],"collection":[{"href":"https:\/\/frohsinn.com\/cms\/index.php?rest_route=\/wp\/v2\/pages"}],"about":[{"href":"https:\/\/frohsinn.com\/cms\/index.php?rest_route=\/wp\/v2\/types\/page"}],"author":[{"embeddable":true,"href":"https:\/\/frohsinn.com\/cms\/index.php?rest_route=\/wp\/v2\/users\/4"}],"replies":[{"embeddable":true,"href":"https:\/\/frohsinn.com\/cms\/index.php?rest_route=%2Fwp%2Fv2%2Fcomments&post=12681"}],"version-history":[{"count":19,"href":"https:\/\/frohsinn.com\/cms\/index.php?rest_route=\/wp\/v2\/pages\/12681\/revisions"}],"predecessor-version":[{"id":13992,"href":"https:\/\/frohsinn.com\/cms\/index.php?rest_route=\/wp\/v2\/pages\/12681\/revisions\/13992"}],"up":[{"embeddable":true,"href":"https:\/\/frohsinn.com\/cms\/index.php?rest_route=\/wp\/v2\/pages\/12715"}],"wp:attachment":[{"href":"https:\/\/frohsinn.com\/cms\/index.php?rest_route=%2Fwp%2Fv2%2Fmedia&parent=12681"}],"curies":[{"name":"wp","href":"https:\/\/api.w.org\/{rel}","templated":true}]}}