{"id":13185,"date":"2023-08-15T21:32:38","date_gmt":"2023-08-15T20:32:38","guid":{"rendered":"https:\/\/frohsinn.com\/cms\/?page_id=13185"},"modified":"2024-06-11T06:34:12","modified_gmt":"2024-06-11T05:34:12","slug":"sponsoren","status":"publish","type":"page","link":"https:\/\/frohsinn.com\/cms\/?page_id=13185","title":{"rendered":"Sponsoren"},"content":{"rendered":"\n<figure class=\"wp-block-image size-large is-resized\"><a href=\"https:\/\/sokultur.ch\/\"><img loading=\"lazy\" decoding=\"async\" width=\"1024\" height=\"573\" src=\"http:\/\/frohsinn.com\/cms\/wp-content\/uploads\/Swisslos_Fonds-1024x573.jpg\" alt=\"Fonds des Kantons Solothurn\" class=\"wp-image-13977\" style=\"width:501px\" srcset=\"https:\/\/frohsinn.com\/cms\/wp-content\/uploads\/Swisslos_Fonds-1024x573.jpg 1024w, https:\/\/frohsinn.com\/cms\/wp-content\/uploads\/Swisslos_Fonds-300x168.jpg 300w, https:\/\/frohsinn.com\/cms\/wp-content\/uploads\/Swisslos_Fonds-768x430.jpg 768w, https:\/\/frohsinn.com\/cms\/wp-content\/uploads\/Swisslos_Fonds.jpg 1417w\" sizes=\"auto, (max-width: 767px) 89vw, (max-width: 1000px) 54vw, (max-width: 1071px) 543px, 580px\" \/><\/a><\/figure>\n\n\n\n<h2 class=\"wp-block-heading\">Medienpartner<\/h2>\n\n\n\n<div style=\"height:52px\" aria-hidden=\"true\" class=\"wp-block-spacer\"><\/div>\n\n\n\n<figure class=\"wp-block-image size-full is-resized\"><a href=\"https:\/\/anzeigertgo.ch\/\" target=\"_blank\" rel=\"noopener\"><img loading=\"lazy\" decoding=\"async\" width=\"221\" height=\"56\" src=\"https:\/\/frohsinn.com\/cms\/wp-content\/uploads\/Anzeiger-2.png\" alt=\"\" class=\"wp-image-13401\" style=\"aspect-ratio:3.9464285714285716;width:501px;height:auto\"\/><\/a><\/figure>\n\n\n\n<h2 class=\"wp-block-heading\">Hauptsponsor<\/h2>\n\n\n\n<div style=\"height:52px\" aria-hidden=\"true\" class=\"wp-block-spacer\"><\/div>\n\n\n<div class=\"wp-block-image\">\n<figure class=\"aligncenter size-large\"><a href=\"https:\/\/www.raiffeisen.ch\/balsthal-laupersdorf\/de.html\" target=\"_blank\" rel=\"noopener\"><img loading=\"lazy\" decoding=\"async\" width=\"724\" height=\"1024\" src=\"https:\/\/frohsinn.com\/cms\/wp-content\/uploads\/Raiffeisen-Inserat-conv-1-724x1024.jpeg\" alt=\"\" class=\"wp-image-13414\" srcset=\"https:\/\/frohsinn.com\/cms\/wp-content\/uploads\/Raiffeisen-Inserat-conv-1-724x1024.jpeg 724w, https:\/\/frohsinn.com\/cms\/wp-content\/uploads\/Raiffeisen-Inserat-conv-1-212x300.jpeg 212w, https:\/\/frohsinn.com\/cms\/wp-content\/uploads\/Raiffeisen-Inserat-conv-1-768x1086.jpeg 768w, https:\/\/frohsinn.com\/cms\/wp-content\/uploads\/Raiffeisen-Inserat-conv-1-1086x1536.jpeg 1086w, https:\/\/frohsinn.com\/cms\/wp-content\/uploads\/Raiffeisen-Inserat-conv-1-1448x2048.jpeg 1448w, https:\/\/frohsinn.com\/cms\/wp-content\/uploads\/Raiffeisen-Inserat-conv-1.jpeg 1653w\" sizes=\"auto, (max-width: 724px) 100vw, 724px\" \/><\/a><\/figure><\/div>\n\n\n<div style=\"height:52px\" aria-hidden=\"true\" class=\"wp-block-spacer\"><\/div>\n\n\n\n<h2 class=\"wp-block-heading\">Sponsor<\/h2>\n\n\n\n<div style=\"height:52px\" aria-hidden=\"true\" class=\"wp-block-spacer\"><\/div>\n\n\n<div class=\"wp-block-image\">\n<figure class=\"aligncenter size-large is-resized\"><a href=\"https:\/\/www.zimmerei-holzbau.ch\/home\" target=\"_blank\" rel=\"noopener\"><img loading=\"lazy\" decoding=\"async\" width=\"722\" height=\"1024\" src=\"https:\/\/frohsinn.com\/cms\/wp-content\/uploads\/Zimmerei-Holzbau-Meier-Brunner-AG-Inserat-conv-1-722x1024.jpeg\" alt=\"\" class=\"wp-image-13421\" style=\"aspect-ratio:0.705078125;width:587px;height:auto\" srcset=\"https:\/\/frohsinn.com\/cms\/wp-content\/uploads\/Zimmerei-Holzbau-Meier-Brunner-AG-Inserat-conv-1-722x1024.jpeg 722w, https:\/\/frohsinn.com\/cms\/wp-content\/uploads\/Zimmerei-Holzbau-Meier-Brunner-AG-Inserat-conv-1-211x300.jpeg 211w, https:\/\/frohsinn.com\/cms\/wp-content\/uploads\/Zimmerei-Holzbau-Meier-Brunner-AG-Inserat-conv-1-768x1090.jpeg 768w, https:\/\/frohsinn.com\/cms\/wp-content\/uploads\/Zimmerei-Holzbau-Meier-Brunner-AG-Inserat-conv-1-1083x1536.jpeg 1083w, https:\/\/frohsinn.com\/cms\/wp-content\/uploads\/Zimmerei-Holzbau-Meier-Brunner-AG-Inserat-conv-1.jpeg 1165w\" sizes=\"auto, (max-width: 722px) 100vw, 722px\" \/><\/a><\/figure><\/div>\n\n\n<div style=\"height:52px\" aria-hidden=\"true\" class=\"wp-block-spacer\"><\/div>\n\n\n\n<h2 class=\"wp-block-heading\">Co-Sponsor<\/h2>\n\n\n\n<div style=\"height:52px\" aria-hidden=\"true\" class=\"wp-block-spacer\"><\/div>\n\n\n\n<p class=\"has-text-align-center\"><strong><a rel=\"noreferrer noopener\" href=\"https:\/\/www.prduennernthal.ch\/laupersdorf-3.html\" target=\"_blank\">R\u00f6m. kath. Kirchgemeinde Laupersdorf<\/a><\/strong><\/p>\n\n\n\n<div style=\"height:52px\" aria-hidden=\"true\" class=\"wp-block-spacer\"><\/div>\n\n\n\n<p><\/p>\n\n\n<div class=\"wp-block-image\">\n<figure class=\"aligncenter size-full\"><a href=\"https:\/\/www.laupersdorf.ch\/de\/\" target=\"_blank\" rel=\"noreferrer noopener\"><img loading=\"lazy\" decoding=\"async\" width=\"472\" height=\"107\" src=\"https:\/\/frohsinn.com\/cms\/wp-content\/uploads\/Einwohnergemeinde-Laupersdorf.png\" alt=\"\" class=\"wp-image-13452\" srcset=\"https:\/\/frohsinn.com\/cms\/wp-content\/uploads\/Einwohnergemeinde-Laupersdorf.png 472w, https:\/\/frohsinn.com\/cms\/wp-content\/uploads\/Einwohnergemeinde-Laupersdorf-300x68.png 300w\" sizes=\"auto, (max-width: 472px) 100vw, 472px\" \/><\/a><\/figure><\/div>\n\n\n<div style=\"height:52px\" aria-hidden=\"true\" class=\"wp-block-spacer\"><\/div>\n\n\n\n<p><\/p>\n\n\n\n<p><\/p>\n\n\n<div class=\"wp-block-image\">\n<figure class=\"aligncenter size-large is-resized\"><a href=\"https:\/\/af-u.ch\/\" target=\"_blank\" rel=\"noopener\"><img loading=\"lazy\" decoding=\"async\" width=\"730\" height=\"1024\" src=\"https:\/\/frohsinn.com\/cms\/wp-content\/uploads\/AFU-Inserat-conv-1-730x1024.jpeg\" alt=\"\" class=\"wp-image-13428\" style=\"aspect-ratio:0.712890625;width:561px;height:auto\" srcset=\"https:\/\/frohsinn.com\/cms\/wp-content\/uploads\/AFU-Inserat-conv-1-730x1024.jpeg 730w, https:\/\/frohsinn.com\/cms\/wp-content\/uploads\/AFU-Inserat-conv-1-214x300.jpeg 214w, https:\/\/frohsinn.com\/cms\/wp-content\/uploads\/AFU-Inserat-conv-1-768x1077.jpeg 768w, https:\/\/frohsinn.com\/cms\/wp-content\/uploads\/AFU-Inserat-conv-1-1095x1536.jpeg 1095w, https:\/\/frohsinn.com\/cms\/wp-content\/uploads\/AFU-Inserat-conv-1.jpeg 1212w\" sizes=\"auto, (max-width: 730px) 100vw, 730px\" \/><\/a><\/figure><\/div>\n\n\n<div style=\"height:52px\" aria-hidden=\"true\" class=\"wp-block-spacer\"><\/div>\n\n\n\n<p><\/p>\n\n\n\n<figure class=\"wp-block-image size-large\"><a href=\"https:\/\/acb32.ch\/\" target=\"_blank\" rel=\"noopener\"><img loading=\"lazy\" decoding=\"async\" width=\"1024\" height=\"449\" src=\"https:\/\/frohsinn.com\/cms\/wp-content\/uploads\/Autocenter-Burkhard-conv-1-1024x449.jpeg\" alt=\"\" class=\"wp-image-13431\" srcset=\"https:\/\/frohsinn.com\/cms\/wp-content\/uploads\/Autocenter-Burkhard-conv-1-1024x449.jpeg 1024w, https:\/\/frohsinn.com\/cms\/wp-content\/uploads\/Autocenter-Burkhard-conv-1-300x131.jpeg 300w, https:\/\/frohsinn.com\/cms\/wp-content\/uploads\/Autocenter-Burkhard-conv-1-768x336.jpeg 768w, https:\/\/frohsinn.com\/cms\/wp-content\/uploads\/Autocenter-Burkhard-conv-1-1536x673.jpeg 1536w, https:\/\/frohsinn.com\/cms\/wp-content\/uploads\/Autocenter-Burkhard-conv-1-2048x897.jpeg 2048w\" sizes=\"auto, (max-width: 767px) 89vw, (max-width: 1000px) 54vw, (max-width: 1071px) 543px, 580px\" \/><\/a><\/figure>\n\n\n\n<div style=\"height:52px\" aria-hidden=\"true\" class=\"wp-block-spacer\"><\/div>\n\n\n\n<p><\/p>\n\n\n\n<figure class=\"wp-block-image size-large\"><a href=\"https:\/\/bonersagaria.ch\/\" target=\"_blank\" rel=\"noopener\"><img loading=\"lazy\" decoding=\"async\" width=\"1024\" height=\"546\" src=\"https:\/\/frohsinn.com\/cms\/wp-content\/uploads\/boner.sagaria_Inserat-breit-conv-1-1024x546.jpeg\" alt=\"\" class=\"wp-image-13432\" srcset=\"https:\/\/frohsinn.com\/cms\/wp-content\/uploads\/boner.sagaria_Inserat-breit-conv-1-1024x546.jpeg 1024w, https:\/\/frohsinn.com\/cms\/wp-content\/uploads\/boner.sagaria_Inserat-breit-conv-1-300x160.jpeg 300w, https:\/\/frohsinn.com\/cms\/wp-content\/uploads\/boner.sagaria_Inserat-breit-conv-1-768x410.jpeg 768w, https:\/\/frohsinn.com\/cms\/wp-content\/uploads\/boner.sagaria_Inserat-breit-conv-1-1536x819.jpeg 1536w, https:\/\/frohsinn.com\/cms\/wp-content\/uploads\/boner.sagaria_Inserat-breit-conv-1-2048x1092.jpeg 2048w\" sizes=\"auto, (max-width: 767px) 89vw, (max-width: 1000px) 54vw, (max-width: 1071px) 543px, 580px\" \/><\/a><\/figure>\n\n\n\n<div style=\"height:52px\" aria-hidden=\"true\" class=\"wp-block-spacer\"><\/div>\n\n\n<div class=\"wp-block-image\">\n<figure class=\"aligncenter size-large is-resized\"><a href=\"https:\/\/www.mobiliar.ch\/versicherungen-und-vorsorge\/generalagenturen\/balsthal\" target=\"_blank\" rel=\"noopener\"><img loading=\"lazy\" decoding=\"async\" width=\"724\" height=\"1024\" src=\"https:\/\/frohsinn.com\/cms\/wp-content\/uploads\/Die-Mobiliar-conv-1-724x1024.jpeg\" alt=\"\" class=\"wp-image-13433\" style=\"aspect-ratio:0.70703125;width:584px;height:auto\" srcset=\"https:\/\/frohsinn.com\/cms\/wp-content\/uploads\/Die-Mobiliar-conv-1-724x1024.jpeg 724w, https:\/\/frohsinn.com\/cms\/wp-content\/uploads\/Die-Mobiliar-conv-1-212x300.jpeg 212w, https:\/\/frohsinn.com\/cms\/wp-content\/uploads\/Die-Mobiliar-conv-1-768x1086.jpeg 768w, https:\/\/frohsinn.com\/cms\/wp-content\/uploads\/Die-Mobiliar-conv-1-1086x1536.jpeg 1086w, https:\/\/frohsinn.com\/cms\/wp-content\/uploads\/Die-Mobiliar-conv-1-1448x2048.jpeg 1448w, https:\/\/frohsinn.com\/cms\/wp-content\/uploads\/Die-Mobiliar-conv-1.jpeg 1653w\" sizes=\"auto, (max-width: 724px) 100vw, 724px\" \/><\/a><\/figure><\/div>\n\n\n<div style=\"height:52px\" aria-hidden=\"true\" class=\"wp-block-spacer\"><\/div>\n\n\n<div class=\"wp-block-image\">\n<figure class=\"aligncenter size-large is-resized\"><a href=\"https:\/\/www.kamber-gerueste.ch\/\" target=\"_blank\" rel=\"noopener\"><img loading=\"lazy\" decoding=\"async\" width=\"724\" height=\"1024\" src=\"https:\/\/frohsinn.com\/cms\/wp-content\/uploads\/Kamber-Gerueste-Inserat-A4-2-724x1024.png\" alt=\"\" class=\"wp-image-13434\" style=\"aspect-ratio:0.707;width:574px;height:auto\" srcset=\"https:\/\/frohsinn.com\/cms\/wp-content\/uploads\/Kamber-Gerueste-Inserat-A4-2-724x1024.png 724w, https:\/\/frohsinn.com\/cms\/wp-content\/uploads\/Kamber-Gerueste-Inserat-A4-2-212x300.png 212w, https:\/\/frohsinn.com\/cms\/wp-content\/uploads\/Kamber-Gerueste-Inserat-A4-2-768x1086.png 768w, https:\/\/frohsinn.com\/cms\/wp-content\/uploads\/Kamber-Gerueste-Inserat-A4-2-1086x1536.png 1086w, https:\/\/frohsinn.com\/cms\/wp-content\/uploads\/Kamber-Gerueste-Inserat-A4-2.png 1414w\" sizes=\"auto, (max-width: 724px) 100vw, 724px\" \/><\/a><\/figure><\/div>\n\n\n<div style=\"height:52px\" aria-hidden=\"true\" class=\"wp-block-spacer\"><\/div>\n\n\n<div class=\"wp-block-image\">\n<figure class=\"aligncenter size-large is-resized\"><a href=\"https:\/\/paulfluriag.ch\/\" target=\"_blank\" rel=\"noopener\"><img loading=\"lazy\" decoding=\"async\" width=\"722\" height=\"1024\" src=\"https:\/\/frohsinn.com\/cms\/wp-content\/uploads\/Paul_Fluri_AG_Inserat_Festfuehrer_11_148x210-1-722x1024.jpg\" alt=\"\" class=\"wp-image-13435\" style=\"aspect-ratio:0.705078125;width:580px;height:auto\" srcset=\"https:\/\/frohsinn.com\/cms\/wp-content\/uploads\/Paul_Fluri_AG_Inserat_Festfuehrer_11_148x210-1-722x1024.jpg 722w, https:\/\/frohsinn.com\/cms\/wp-content\/uploads\/Paul_Fluri_AG_Inserat_Festfuehrer_11_148x210-1-211x300.jpg 211w, https:\/\/frohsinn.com\/cms\/wp-content\/uploads\/Paul_Fluri_AG_Inserat_Festfuehrer_11_148x210-1-768x1090.jpg 768w, https:\/\/frohsinn.com\/cms\/wp-content\/uploads\/Paul_Fluri_AG_Inserat_Festfuehrer_11_148x210-1-1082x1536.jpg 1082w, https:\/\/frohsinn.com\/cms\/wp-content\/uploads\/Paul_Fluri_AG_Inserat_Festfuehrer_11_148x210-1-1443x2048.jpg 1443w, https:\/\/frohsinn.com\/cms\/wp-content\/uploads\/Paul_Fluri_AG_Inserat_Festfuehrer_11_148x210-1-scaled.jpg 1804w\" sizes=\"auto, (max-width: 722px) 100vw, 722px\" \/><\/a><\/figure><\/div>\n\n\n<div style=\"height:52px\" aria-hidden=\"true\" class=\"wp-block-spacer\"><\/div>\n\n\n<div class=\"wp-block-image\">\n<figure class=\"aligncenter size-large is-resized\"><a href=\"http:\/\/planmanufaktur.ch\/\" target=\"_blank\" rel=\"noopener\"><img loading=\"lazy\" decoding=\"async\" width=\"617\" height=\"1024\" src=\"https:\/\/frohsinn.com\/cms\/wp-content\/uploads\/Planmanufaktur_ag_Blache_mit-beschnitt-conv-1-617x1024.jpeg\" alt=\"\" class=\"wp-image-13436\" style=\"aspect-ratio:0.6029374684820978;width:583px;height:auto\" srcset=\"https:\/\/frohsinn.com\/cms\/wp-content\/uploads\/Planmanufaktur_ag_Blache_mit-beschnitt-conv-1-617x1024.jpeg 617w, https:\/\/frohsinn.com\/cms\/wp-content\/uploads\/Planmanufaktur_ag_Blache_mit-beschnitt-conv-1-181x300.jpeg 181w, https:\/\/frohsinn.com\/cms\/wp-content\/uploads\/Planmanufaktur_ag_Blache_mit-beschnitt-conv-1-768x1274.jpeg 768w, https:\/\/frohsinn.com\/cms\/wp-content\/uploads\/Planmanufaktur_ag_Blache_mit-beschnitt-conv-1-926x1536.jpeg 926w, https:\/\/frohsinn.com\/cms\/wp-content\/uploads\/Planmanufaktur_ag_Blache_mit-beschnitt-conv-1-1235x2048.jpeg 1235w, https:\/\/frohsinn.com\/cms\/wp-content\/uploads\/Planmanufaktur_ag_Blache_mit-beschnitt-conv-1-scaled.jpeg 1544w\" sizes=\"auto, (max-width: 617px) 100vw, 617px\" \/><\/a><\/figure><\/div>\n\n\n<div style=\"height:52px\" aria-hidden=\"true\" class=\"wp-block-spacer\"><\/div>\n\n\n\n<figure class=\"wp-block-image size-large\"><a href=\"https:\/\/schaerer-holz.ch\/\" target=\"_blank\" rel=\"noopener\"><img loading=\"lazy\" decoding=\"async\" width=\"1024\" height=\"720\" src=\"http:\/\/frohsinn.com\/cms\/wp-content\/uploads\/Schaerer-Holz-Inserat_2-conv-1-e1702675356506-1024x720.jpeg\" alt=\"\" class=\"wp-image-13437\" srcset=\"https:\/\/frohsinn.com\/cms\/wp-content\/uploads\/Schaerer-Holz-Inserat_2-conv-1-e1702675356506-1024x720.jpeg 1024w, https:\/\/frohsinn.com\/cms\/wp-content\/uploads\/Schaerer-Holz-Inserat_2-conv-1-e1702675356506-300x211.jpeg 300w, https:\/\/frohsinn.com\/cms\/wp-content\/uploads\/Schaerer-Holz-Inserat_2-conv-1-e1702675356506-768x540.jpeg 768w, https:\/\/frohsinn.com\/cms\/wp-content\/uploads\/Schaerer-Holz-Inserat_2-conv-1-e1702675356506-1536x1079.jpeg 1536w, https:\/\/frohsinn.com\/cms\/wp-content\/uploads\/Schaerer-Holz-Inserat_2-conv-1-e1702675356506.jpeg 1652w\" sizes=\"auto, (max-width: 767px) 89vw, (max-width: 1000px) 54vw, (max-width: 1071px) 543px, 580px\" \/><\/a><\/figure>\n\n\n\n<div style=\"height:52px\" aria-hidden=\"true\" class=\"wp-block-spacer\"><\/div>\n\n\n\n<figure class=\"wp-block-image size-large\"><a href=\"https:\/\/www.jaeggi-elektro.ch\/\" target=\"_blank\" rel=\"noreferrer noopener\"><img loading=\"lazy\" decoding=\"async\" width=\"1024\" height=\"409\" src=\"http:\/\/frohsinn.com\/cms\/wp-content\/uploads\/Werbebanner-2-00m-x-0-80m-2-conv-1-1024x409.jpeg\" alt=\"\" class=\"wp-image-13508\" srcset=\"https:\/\/frohsinn.com\/cms\/wp-content\/uploads\/Werbebanner-2-00m-x-0-80m-2-conv-1-1024x409.jpeg 1024w, https:\/\/frohsinn.com\/cms\/wp-content\/uploads\/Werbebanner-2-00m-x-0-80m-2-conv-1-300x120.jpeg 300w, https:\/\/frohsinn.com\/cms\/wp-content\/uploads\/Werbebanner-2-00m-x-0-80m-2-conv-1-768x307.jpeg 768w, https:\/\/frohsinn.com\/cms\/wp-content\/uploads\/Werbebanner-2-00m-x-0-80m-2-conv-1-1536x614.jpeg 1536w, https:\/\/frohsinn.com\/cms\/wp-content\/uploads\/Werbebanner-2-00m-x-0-80m-2-conv-1.jpeg 1574w\" sizes=\"auto, (max-width: 767px) 89vw, (max-width: 1000px) 54vw, (max-width: 1071px) 543px, 580px\" \/><\/a><\/figure>\n\n\n\n<div style=\"height:52px\" aria-hidden=\"true\" class=\"wp-block-spacer\"><\/div>\n\n\n\n<h2 class=\"wp-block-heading\">Donator<\/h2>\n\n\n\n<table style=\"width:640px; border-collapse: collapse; border-spacing: 0;\"><tr><th style=\"width:45%\"\/><th style=\"width:10%\"\/><th style=\"width:45%\" \/><\/tr><tr><td ><a href=\"https:\/\/ernstchristag.ch\/\" data-type=\"URL\" data-id=\"https:\/\/ernstchristag.ch\/\" target=\"_blank\" rel=\"noreferrer noopener\"><img loading=\"lazy\" decoding=\"async\" width=\"884\" height=\"290\" class=\"wp-image-13193\" src=\"https:\/\/frohsinn.com\/cms\/wp-content\/uploads\/Ernst-Christ-AG.png\" alt=\"\" srcset=\"https:\/\/frohsinn.com\/cms\/wp-content\/uploads\/Ernst-Christ-AG.png 884w, https:\/\/frohsinn.com\/cms\/wp-content\/uploads\/Ernst-Christ-AG-300x98.png 300w, https:\/\/frohsinn.com\/cms\/wp-content\/uploads\/Ernst-Christ-AG-768x252.png 768w\" sizes=\"auto, (max-width: 767px) 89vw, (max-width: 1000px) 54vw, (max-width: 1071px) 543px, 580px\" \/><\/a><\/td><td \/><td align=\"center\" padding=\"2em\"><a href=\"https:\/\/www.glb-jura.ch\/\" data-type=\"URL\" data-id=\"https:\/\/www.glb-jura.ch\/\" target=\"_blank\" rel=\"noreferrer noopener\"><img decoding=\"async\" class=\"wp-image-13194\" src=\"http:\/\/frohsinn.com\/cms\/wp-content\/uploads\/GLB-Jura_2.jpg\" alt=\"\" ><\/a><\/td><\/tr><tr><td align=\"center\" padding=\"2em\"><a href=\"https:\/\/www.gricodruck.ch\/\" target=\"_blank\" rel=\"noreferrer noopener\"><img loading=\"lazy\" decoding=\"async\" width=\"240\" height=\"101\" class=\"wp-image-13195\" src=\"https:\/\/frohsinn.com\/cms\/wp-content\/uploads\/Grico-Druck.png\" alt=\"\" ><\/a><\/td><td \/><td align=\"center\" padding=\"2em\"><a href=\"https:\/\/www.meister-fenster.ch\/\" target=\"_blank\" rel=\"noreferrer noopener\"><img decoding=\"async\" class=\"wp-image-13195\" src=\"http:\/\/frohsinn.com\/cms\/wp-content\/uploads\/Logo-Meister-Fenster_Hintergrund-Holz.jpg\" alt=\"\" ><\/a><\/td><\/tr><tr><td align=\"center\" padding=\"2em\"><a href=\"https:\/\/www.doerfliger.ch\/de\/\" target=\"_blank\" rel=\"noreferrer noopener\"><img decoding=\"async\" class=\"wp-image-13195\" src=\"http:\/\/frohsinn.com\/cms\/wp-content\/uploads\/Doerfliger-2.jpg\" alt=\"\" ><\/a><\/td><td \/><td align=\"center\" padding=\"2em\"><a href=\"https:\/\/www.schaad-treuhand.ch\/\" target=\"_blank\" rel=\"noreferrer noopener\"><img decoding=\"async\" class=\"wp-image-13195\" src=\"http:\/\/frohsinn.com\/cms\/wp-content\/uploads\/d2b12472-16a7-4a94-9462-1ea920f0d444.png\" alt=\"\" ><\/a><\/td><\/tr><tr><td align=\"center\" padding=\"2em\"><a href=\"https:\/\/www.x-protect.ch\/\" target=\"_blank\" rel=\"noreferrer noopener\"><img decoding=\"async\" class=\"wp-image-13195\" style=\"background-color:black\" src=\"http:\/\/frohsinn.com\/cms\/wp-content\/uploads\/x-Protect_Logo.png\" alt=\"\" ><\/a><\/td><td \/><td align=\"center\" padding=\"2em\"><a href=\"https:\/\/www.buergergemeinde-laupersdorf.ch\/\" target=\"_blank\" rel=\"noreferrer noopener\"><img decoding=\"async\" class=\"wp-image-13195\" src=\"http:\/\/frohsinn.com\/cms\/wp-content\/uploads\/Logo-Buergergemeinde-Laupersdorf.png\" alt=\"\" ><\/a><\/td><\/tr><tr><td align=\"center\" padding=\"2em\"><a href=\"https:\/\/www.ehrsam-gartenbau.ch\/\" target=\"_blank\" rel=\"noreferrer noopener\"><img decoding=\"async\" class=\"wp-image-13195\"  src=\"http:\/\/frohsinn.com\/cms\/wp-content\/uploads\/Ehrsam-Gartenbau-conv-1.jpeg\" alt=\"\" ><\/a><\/td><td \/><td align=\"center\" padding=\"2em\"><a href=\"www.eggi.ch\/\" target=\"_blank\" rel=\"noreferrer noopener\"><img decoding=\"async\" class=\"wp-image-13195\" src=\"http:\/\/frohsinn.com\/cms\/wp-content\/uploads\/eggi_Logokombi_RGB.png\" alt=\"\" ><\/a><\/td><\/tr><tr><td align=\"center\" padding=\"2em\"><a href=\"https:\/\/www.autospritzwerk-mueller.ch\/\" target=\"_blank\" rel=\"noreferrer noopener\"><img decoding=\"async\" class=\"wp-image-13195\"  src=\"http:\/\/frohsinn.com\/cms\/wp-content\/uploads\/Logo-Autospritzwerk-Mueller-conv-1.jpeg\" alt=\"\" ><\/a><\/td><td \/><td\/><\/tr><\/table>\n\n\n\n<div class=\"wp-block-columns is-layout-flex wp-container-core-columns-is-layout-9d6595d7 wp-block-columns-is-layout-flex\">\n<div class=\"wp-block-column is-layout-flow wp-block-column-is-layout-flow\" style=\"flex-basis:100%\"><\/div>\n<\/div>\n\n\n\n<h2 class=\"wp-block-heading\">Sponsoren ab CHF 500.-<\/h2>\n\n\n\n<figure class=\"wp-block-table is-style-stripes\"><table><tbody><tr><td>Witholz GmbH<\/td><td>Leibstadt<\/td><\/tr><tr><td>H + Z Rohrbach AG<\/td><td>Rohrbach<\/td><\/tr><tr><td>Alex Ackermann AG<\/td><td>Wolfwil<\/td><\/tr><tr><td>Bumbachs\u00e4ge AG<\/td><td>Schangnau<\/td><\/tr><tr><td>Holzbau J\u00e4ggi AG<\/td><td>Dulliken<\/td><\/tr><\/tbody><\/table><\/figure>\n\n\n\n<h2 class=\"wp-block-heading\">Sponsoren ab CHF 100.-<\/h2>\n\n\n\n<figure class=\"wp-block-table is-style-stripes\"><table><tbody><tr><td>Innotape GmbH<\/td><td>B\u00fcron<\/td><\/tr><tr><td>Fehr Braunwalder AG<\/td><td>St. Gallen<\/td><\/tr><tr><td>Dyhrberg AG<\/td><td>Klus-Balsthal<\/td><\/tr><tr><td>Homed AG<\/td><td>Laupersdorf<\/td><\/tr><tr><td>Bergwirtschaft Bremgarten<\/td><td>Balsthal<\/td><\/tr><tr><td>bild-schoen GmbH<\/td><td>Laupersdorf<\/td><\/tr><tr><td>Bischag AG<\/td><td>Laufen<\/td><\/tr><tr><td>df2 befestigungstechnik ag<\/td><td>Boswil<\/td><\/tr><tr><td>Eggenschwiler Ruedi Bedachungen<\/td><td>Laupersdorf<\/td><\/tr><tr><td>Elektro Jeker AG<\/td><td>Holderbank<\/td><\/tr><tr><td>F. Murpf AG<\/td><td>H\u00e4gendorf<\/td><\/tr><tr><td>Gebr. Jetzer Hoch- und Tiefbau AG<\/td><td>Schnottwil<\/td><\/tr><tr><td>GUTEX Schweiz GmbH<\/td><td>Frauenfeld<\/td><\/tr><tr><td>Holz &amp; Funktion AG<\/td><td>Wauwil<\/td><\/tr><tr><td>KLASSODERN Music-Service-Center GmbH<\/td><td>Olten<\/td><\/tr><tr><td>Kuratle + Jaecker AG<\/td><td>NIederbipp<\/td><\/tr><tr><td>Mapo AG<\/td><td>Glattbrugg<\/td><\/tr><tr><td>Meister Motorcycle AG<\/td><td>Ramiswil<\/td><\/tr><tr><td>M\u00f6bel Kamber<\/td><td>M\u00fcmliswil<\/td><\/tr><tr><td>Rossihof GmbH (Loch Ness)<\/td><td>Laupersdorf<\/td><\/tr><tr><td>Saint Gobain Isover AG<\/td><td>Lucens<\/td><\/tr><tr><td>Seilerei Berger GmbH<\/td><td>Laupersdorf<\/td><\/tr><tr><td>Studer Bautechnik AG<\/td><td>H\u00e4rkingen<\/td><\/tr><tr><td>Thal-Spenglerei Laupersdorf AG<\/td><td>Laupersdorf<\/td><\/tr><tr><td>Autobrunner M\u00fcmliswil<\/td><td>M\u00fcmliswil<\/td><\/tr><tr><td>Bader Patrick<\/td><td>M\u00fcmliswil<\/td><\/tr><tr><td>Blueme-Tenn<\/td><td>Aedermannsdorf<\/td><\/tr><tr><td>Brunner Jonas<\/td><td>Laupersdorf<\/td><\/tr><tr><td>Brunner Sibyll<\/td><td>Laupersdorf<\/td><\/tr><tr><td>Henzi Carina \/ Bachmann Hubert<\/td><td>Rain LU<\/td><\/tr><tr><td>Kamber Fabienne<\/td><td>Oberbuchsiten<\/td><\/tr><tr><td>Meier Bands\u00e4gen &amp; Schleifservice<\/td><td>Balsthal<\/td><\/tr><tr><td>ifm electronic ag<\/td><td>H\u00e4rkingen<\/td><\/tr><tr><td>Michel Lotti<\/td><td>Reinach<\/td><\/tr><tr><td>KIBAU AG<\/td><td>Matzendorf<\/td><\/tr><tr><td>Schuler Uniformen AG<\/td><td>Rothenturm<\/td><\/tr><tr><td>W\u00fcrger + Bader AG<\/td><td>Laupersdorf<\/td><\/tr><\/tbody><\/table><\/figure>\n","protected":false},"excerpt":{"rendered":"<p>Medienpartner Hauptsponsor Sponsor Co-Sponsor R\u00f6m. kath. Kirchgemeinde Laupersdorf Donator Sponsoren ab CHF 500.- Witholz GmbH Leibstadt H + Z Rohrbach AG Rohrbach Alex Ackermann AG Wolfwil Bumbachs\u00e4ge AG Schangnau Holzbau J\u00e4ggi AG Dulliken Sponsoren ab CHF 100.- Innotape GmbH B\u00fcron Fehr Braunwalder AG St. Gallen Dyhrberg AG Klus-Balsthal Homed AG Laupersdorf Bergwirtschaft Bremgarten Balsthal bild-schoen &hellip; <\/p>\n<p class=\"link-more\"><a href=\"https:\/\/frohsinn.com\/cms\/?page_id=13185\" class=\"more-link\"><span class=\"screen-reader-text\">\u201eSponsoren\u201c <\/span>weiterlesen<\/a><\/p>\n","protected":false},"author":2,"featured_media":0,"parent":12715,"menu_order":0,"comment_status":"closed","ping_status":"closed","template":"","meta":{"ngg_post_thumbnail":0,"jetpack_post_was_ever_published":false,"footnotes":""},"class_list":["post-13185","page","type-page","status-publish","hentry"],"jetpack_shortlink":"https:\/\/wp.me\/P1t2Ta-3qF","jetpack_sharing_enabled":true,"_links":{"self":[{"href":"https:\/\/frohsinn.com\/cms\/index.php?rest_route=\/wp\/v2\/pages\/13185","targetHints":{"allow":["GET"]}}],"collection":[{"href":"https:\/\/frohsinn.com\/cms\/index.php?rest_route=\/wp\/v2\/pages"}],"about":[{"href":"https:\/\/frohsinn.com\/cms\/index.php?rest_route=\/wp\/v2\/types\/page"}],"author":[{"embeddable":true,"href":"https:\/\/frohsinn.com\/cms\/index.php?rest_route=\/wp\/v2\/users\/2"}],"replies":[{"embeddable":true,"href":"https:\/\/frohsinn.com\/cms\/index.php?rest_route=%2Fwp%2Fv2%2Fcomments&post=13185"}],"version-history":[{"count":44,"href":"https:\/\/frohsinn.com\/cms\/index.php?rest_route=\/wp\/v2\/pages\/13185\/revisions"}],"predecessor-version":[{"id":13980,"href":"https:\/\/frohsinn.com\/cms\/index.php?rest_route=\/wp\/v2\/pages\/13185\/revisions\/13980"}],"up":[{"embeddable":true,"href":"https:\/\/frohsinn.com\/cms\/index.php?rest_route=\/wp\/v2\/pages\/12715"}],"wp:attachment":[{"href":"https:\/\/frohsinn.com\/cms\/index.php?rest_route=%2Fwp%2Fv2%2Fmedia&parent=13185"}],"curies":[{"name":"wp","href":"https:\/\/api.w.org\/{rel}","templated":true}]}}