{"id":13953,"date":"2024-05-27T22:05:52","date_gmt":"2024-05-27T21:05:52","guid":{"rendered":"https:\/\/frohsinn.com\/cms\/?page_id=13953"},"modified":"2024-09-05T07:22:50","modified_gmt":"2024-09-05T06:22:50","slug":"sonntag-08-september-2024-march-contest","status":"publish","type":"page","link":"https:\/\/frohsinn.com\/cms\/?page_id=13953","title":{"rendered":"Sonntag, 08 September 2024: March Contest"},"content":{"rendered":"\n<figure class=\"wp-block-image size-large\"><img loading=\"lazy\" decoding=\"async\" width=\"723\" height=\"1024\" src=\"https:\/\/frohsinn.com\/cms\/wp-content\/uploads\/March-Contest-723x1024.jpeg\" alt=\"\" class=\"wp-image-14005\" srcset=\"https:\/\/frohsinn.com\/cms\/wp-content\/uploads\/March-Contest-723x1024.jpeg 723w, https:\/\/frohsinn.com\/cms\/wp-content\/uploads\/March-Contest-212x300.jpeg 212w, https:\/\/frohsinn.com\/cms\/wp-content\/uploads\/March-Contest-768x1088.jpeg 768w, https:\/\/frohsinn.com\/cms\/wp-content\/uploads\/March-Contest.jpeg 986w\" sizes=\"auto, (max-width: 723px) 100vw, 723px\" \/><\/figure>\n\n\n\n<p>Auch der letzte Tag von unserem Jubil\u00e4umsfest steht im Zeichen der Blasmusik. Am Sonntag f\u00fchren wir einen March Contest durch. Dabei spielt die Band einen Marsch stehend auf der B\u00fchne. Der Marsch wird von einem professionellen Juror bewertet. <\/p>\n\n\n\n<p><strong>March Contest<\/strong>: 13:30 &#8211; 15:00 Uhr <\/p>\n\n\n\n<p><strong>Rangverk\u00fcndigung<\/strong>: 16:00 Uhr<\/p>\n\n\n\n<figure class=\"wp-block-image size-large\"><img loading=\"lazy\" decoding=\"async\" width=\"1024\" height=\"271\" src=\"https:\/\/frohsinn.com\/cms\/wp-content\/uploads\/Spielplan-1024x271.jpg\" alt=\"\" class=\"wp-image-14207\" srcset=\"https:\/\/frohsinn.com\/cms\/wp-content\/uploads\/Spielplan-1024x271.jpg 1024w, https:\/\/frohsinn.com\/cms\/wp-content\/uploads\/Spielplan-300x79.jpg 300w, https:\/\/frohsinn.com\/cms\/wp-content\/uploads\/Spielplan-768x203.jpg 768w, https:\/\/frohsinn.com\/cms\/wp-content\/uploads\/Spielplan.jpg 1081w\" sizes=\"auto, (max-width: 767px) 89vw, (max-width: 1000px) 54vw, (max-width: 1071px) 543px, 580px\" \/><\/figure>\n\n\n\n<p>Die Festwirtschaft ist ab 11:00 Uhr ge\u00f6ffnet. <\/p>\n","protected":false},"excerpt":{"rendered":"<p>Auch der letzte Tag von unserem Jubil\u00e4umsfest steht im Zeichen der Blasmusik. Am Sonntag f\u00fchren wir einen March Contest durch. Dabei spielt die Band einen Marsch stehend auf der B\u00fchne. Der Marsch wird von einem professionellen Juror bewertet. March Contest: 13:30 &#8211; 15:00 Uhr Rangverk\u00fcndigung: 16:00 Uhr Die Festwirtschaft ist ab 11:00 Uhr ge\u00f6ffnet.<\/p>\n","protected":false},"author":2,"featured_media":13161,"parent":12688,"menu_order":0,"comment_status":"closed","ping_status":"closed","template":"","meta":{"ngg_post_thumbnail":0,"jetpack_post_was_ever_published":false,"footnotes":""},"class_list":["post-13953","page","type-page","status-publish","has-post-thumbnail","hentry"],"jetpack_shortlink":"https:\/\/wp.me\/P1t2Ta-3D3","jetpack_sharing_enabled":true,"_links":{"self":[{"href":"https:\/\/frohsinn.com\/cms\/index.php?rest_route=\/wp\/v2\/pages\/13953","targetHints":{"allow":["GET"]}}],"collection":[{"href":"https:\/\/frohsinn.com\/cms\/index.php?rest_route=\/wp\/v2\/pages"}],"about":[{"href":"https:\/\/frohsinn.com\/cms\/index.php?rest_route=\/wp\/v2\/types\/page"}],"author":[{"embeddable":true,"href":"https:\/\/frohsinn.com\/cms\/index.php?rest_route=\/wp\/v2\/users\/2"}],"replies":[{"embeddable":true,"href":"https:\/\/frohsinn.com\/cms\/index.php?rest_route=%2Fwp%2Fv2%2Fcomments&post=13953"}],"version-history":[{"count":5,"href":"https:\/\/frohsinn.com\/cms\/index.php?rest_route=\/wp\/v2\/pages\/13953\/revisions"}],"predecessor-version":[{"id":14208,"href":"https:\/\/frohsinn.com\/cms\/index.php?rest_route=\/wp\/v2\/pages\/13953\/revisions\/14208"}],"up":[{"embeddable":true,"href":"https:\/\/frohsinn.com\/cms\/index.php?rest_route=\/wp\/v2\/pages\/12688"}],"wp:featuredmedia":[{"embeddable":true,"href":"https:\/\/frohsinn.com\/cms\/index.php?rest_route=\/wp\/v2\/media\/13161"}],"wp:attachment":[{"href":"https:\/\/frohsinn.com\/cms\/index.php?rest_route=%2Fwp%2Fv2%2Fmedia&parent=13953"}],"curies":[{"name":"wp","href":"https:\/\/api.w.org\/{rel}","templated":true}]}}