{"id":14776,"date":"2025-10-15T18:20:07","date_gmt":"2025-10-15T17:20:07","guid":{"rendered":"https:\/\/frohsinn.com\/cms\/?page_id=14776"},"modified":"2026-01-21T18:06:54","modified_gmt":"2026-01-21T17:06:54","slug":"thaler-march-contest-2026","status":"publish","type":"page","link":"https:\/\/frohsinn.com\/cms\/?page_id=14776","title":{"rendered":"Willkommen zum Thaler March Contest in Laupersdorf"},"content":{"rendered":"<p>Im Jahr 2024 f\u00fchrte die Brass Band Frohsinn Laupersdorf anl\u00e4sslich ihres 200-Jahr-Jubil\u00e4ums erstmals einen March Contest durch. Der Anlass begeisterte sowohl die Zuh\u00f6rerinnen und Zuh\u00f6rer als auch die teilnehmenden Musikantinnen und Musikanten \u2013 die Stimmung, die Musik und das gesellige Miteinander machten den Tag zu einem unvergesslichen Erlebnis.<\/p>\n<p>Aufgrund der durchwegs positiven R\u00fcckmeldungen hat die BB Frohsinn Laupersdorf beschlossen, den Anlass k\u00fcnftig regelm\u00e4ssig durchzuf\u00fchren. Der Thaler March Contest soll ab jetzt alle zwei Jahre nach den Sommerferien stattfinden und damit zu einem festen Bestandteil des musikalischen Jahresprogramms in der Region Thal werden.<\/p>\n<p>Wir freuen uns sehr, euch nun den 1. offiziellen Thaler March Contest ank\u00fcndigen zu d\u00fcrfen:<\/p>\n<p>\ud83d\udcc5 <strong>Samstag, 5. September 2026<\/strong><br><strong>\ud83d\udccd Areal der Zimmerei Holzbau Meier + Brunner AG, Laupersdorf<\/strong><\/p>\n<p>Freut euch auf mitreissende Marschmusik, gesellige Begegnungen und einen unvergesslichen Tag voller Musik und guter Stimmung!<\/p>\n\n\n<div class=\"wp-block-buttons is-layout-flex wp-block-buttons-is-layout-flex\">\n<div class=\"wp-block-button\"><a class=\"wp-block-button__link wp-element-button\" href=\"https:\/\/frohsinn.com\/cms\/?page_id=14778\">Zur Anmeldung<\/a><\/div>\n<\/div>\n","protected":false},"excerpt":{"rendered":"<p>Im Jahr 2024 f\u00fchrte die Brass Band Frohsinn Laupersdorf anl\u00e4sslich ihres 200-Jahr-Jubil\u00e4ums erstmals einen March Contest durch. Der Anlass begeisterte sowohl die Zuh\u00f6rerinnen und Zuh\u00f6rer als auch die teilnehmenden Musikantinnen und Musikanten \u2013 die Stimmung, die Musik und das gesellige Miteinander machten den Tag zu einem unvergesslichen Erlebnis. Aufgrund der durchwegs positiven R\u00fcckmeldungen hat die &hellip; <\/p>\n<p class=\"link-more\"><a href=\"https:\/\/frohsinn.com\/cms\/?page_id=14776\" class=\"more-link\"><span class=\"screen-reader-text\">\u201eWillkommen zum Thaler March Contest in Laupersdorf\u201c <\/span>weiterlesen<\/a><\/p>\n","protected":false},"author":2,"featured_media":0,"parent":0,"menu_order":0,"comment_status":"closed","ping_status":"closed","template":"","meta":{"ngg_post_thumbnail":0,"jetpack_post_was_ever_published":false,"footnotes":""},"class_list":["post-14776","page","type-page","status-publish","hentry"],"jetpack_shortlink":"https:\/\/wp.me\/P1t2Ta-3Qk","jetpack_sharing_enabled":true,"_links":{"self":[{"href":"https:\/\/frohsinn.com\/cms\/index.php?rest_route=\/wp\/v2\/pages\/14776","targetHints":{"allow":["GET"]}}],"collection":[{"href":"https:\/\/frohsinn.com\/cms\/index.php?rest_route=\/wp\/v2\/pages"}],"about":[{"href":"https:\/\/frohsinn.com\/cms\/index.php?rest_route=\/wp\/v2\/types\/page"}],"author":[{"embeddable":true,"href":"https:\/\/frohsinn.com\/cms\/index.php?rest_route=\/wp\/v2\/users\/2"}],"replies":[{"embeddable":true,"href":"https:\/\/frohsinn.com\/cms\/index.php?rest_route=%2Fwp%2Fv2%2Fcomments&post=14776"}],"version-history":[{"count":6,"href":"https:\/\/frohsinn.com\/cms\/index.php?rest_route=\/wp\/v2\/pages\/14776\/revisions"}],"predecessor-version":[{"id":14866,"href":"https:\/\/frohsinn.com\/cms\/index.php?rest_route=\/wp\/v2\/pages\/14776\/revisions\/14866"}],"wp:attachment":[{"href":"https:\/\/frohsinn.com\/cms\/index.php?rest_route=%2Fwp%2Fv2%2Fmedia&parent=14776"}],"curies":[{"name":"wp","href":"https:\/\/api.w.org\/{rel}","templated":true}]}}