{"id":14807,"date":"2025-11-12T20:49:00","date_gmt":"2025-11-12T19:49:00","guid":{"rendered":"https:\/\/frohsinn.com\/cms\/?page_id=14807"},"modified":"2025-11-12T21:14:14","modified_gmt":"2025-11-12T20:14:14","slug":"informationen","status":"publish","type":"page","link":"https:\/\/frohsinn.com\/cms\/?page_id=14807","title":{"rendered":"Informationen"},"content":{"rendered":"\n<h3 class=\"wp-block-heading\">\ud83e\udd41 Thaler March Contest<\/h3>\n\n\n\n<p>Im Jahr 2024 f\u00fchrte die Brass Band Frohsinn Laupersdorf anl\u00e4sslich ihres 200-Jahr-Jubil\u00e4ums erstmals einen March Contest durch. Der Anlass begeisterte sowohl die Zuh\u00f6rerinnen und Zuh\u00f6rer als auch die teilnehmenden Musikantinnen und Musikanten \u2013 die Stimmung, die Musik und das gesellige Miteinander machten den Tag zu einem unvergesslichen Erlebnis.<\/p>\n\n\n\n<p>Aufgrund der durchwegs positiven R\u00fcckmeldungen hat die BB Frohsinn Laupersdorf beschlossen, den Anlass k\u00fcnftig regelm\u00e4ssig durchzuf\u00fchren. Der <strong>Thaler March Contest<\/strong> soll ab jetzt <strong>alle zwei Jahre nach den Sommerferien<\/strong> stattfinden und damit zu einem festen Bestandteil des musikalischen Jahresprogramms in der Region Thal werden.<\/p>\n\n\n\n<p>Wir freuen uns sehr, euch nun den <strong>1. offiziellen Thaler March Contest<\/strong> ank\u00fcndigen zu d\u00fcrfen:<\/p>\n\n\n\n<p>\ud83d\udcc5 <strong>Samstag, 5. September 2026<\/strong><br>\ud83d\udccd <strong>Areal der Zimmerei Holzbau Meier + Brunner AG, Laupersdorf<\/strong><\/p>\n\n\n\n<p>Freut euch auf mitreissende Marschmusik, gesellige Begegnungen und einen unvergesslichen Tag voller Musik und guter Stimmung!<\/p>\n\n\n\n<h3 class=\"wp-block-heading\">\ud83d\udd50 Zeitrahmen<\/h3>\n\n\n\n<p>Der Wettbewerb startet <strong>fr\u00fchestens um 13:00 Uhr<\/strong> und dauert bis ca. <strong>18:30 Uhr<\/strong>.<br>Die <strong>Rangverk\u00fcndigung<\/strong> findet um <strong>20:00 Uhr<\/strong> statt.<\/p>\n\n\n\n<p>Der genaue Beginn kann je nach Anzahl der teilnehmenden Formationen leicht variieren.<br>Zwischen und nach den Auftritten erwartet euch ein gem\u00fctliches Festgel\u00e4nde mit Verpflegungsst\u00e4nden, Getr\u00e4nken und musikalischer Unterhaltung.<\/p>\n","protected":false},"excerpt":{"rendered":"<p>\ud83e\udd41 Thaler March Contest Im Jahr 2024 f\u00fchrte die Brass Band Frohsinn Laupersdorf anl\u00e4sslich ihres 200-Jahr-Jubil\u00e4ums erstmals einen March Contest durch. Der Anlass begeisterte sowohl die Zuh\u00f6rerinnen und Zuh\u00f6rer als auch die teilnehmenden Musikantinnen und Musikanten \u2013 die Stimmung, die Musik und das gesellige Miteinander machten den Tag zu einem unvergesslichen Erlebnis. Aufgrund der durchwegs &hellip; <\/p>\n<p class=\"link-more\"><a href=\"https:\/\/frohsinn.com\/cms\/?page_id=14807\" class=\"more-link\"><span class=\"screen-reader-text\">\u201eInformationen\u201c <\/span>weiterlesen<\/a><\/p>\n","protected":false},"author":2,"featured_media":0,"parent":14776,"menu_order":0,"comment_status":"closed","ping_status":"closed","template":"","meta":{"ngg_post_thumbnail":0,"jetpack_post_was_ever_published":false,"footnotes":""},"class_list":["post-14807","page","type-page","status-publish","hentry"],"jetpack_shortlink":"https:\/\/wp.me\/P1t2Ta-3QP","jetpack_sharing_enabled":true,"_links":{"self":[{"href":"https:\/\/frohsinn.com\/cms\/index.php?rest_route=\/wp\/v2\/pages\/14807","targetHints":{"allow":["GET"]}}],"collection":[{"href":"https:\/\/frohsinn.com\/cms\/index.php?rest_route=\/wp\/v2\/pages"}],"about":[{"href":"https:\/\/frohsinn.com\/cms\/index.php?rest_route=\/wp\/v2\/types\/page"}],"author":[{"embeddable":true,"href":"https:\/\/frohsinn.com\/cms\/index.php?rest_route=\/wp\/v2\/users\/2"}],"replies":[{"embeddable":true,"href":"https:\/\/frohsinn.com\/cms\/index.php?rest_route=%2Fwp%2Fv2%2Fcomments&post=14807"}],"version-history":[{"count":3,"href":"https:\/\/frohsinn.com\/cms\/index.php?rest_route=\/wp\/v2\/pages\/14807\/revisions"}],"predecessor-version":[{"id":14826,"href":"https:\/\/frohsinn.com\/cms\/index.php?rest_route=\/wp\/v2\/pages\/14807\/revisions\/14826"}],"up":[{"embeddable":true,"href":"https:\/\/frohsinn.com\/cms\/index.php?rest_route=\/wp\/v2\/pages\/14776"}],"wp:attachment":[{"href":"https:\/\/frohsinn.com\/cms\/index.php?rest_route=%2Fwp%2Fv2%2Fmedia&parent=14807"}],"curies":[{"name":"wp","href":"https:\/\/api.w.org\/{rel}","templated":true}]}}