{"id":14815,"date":"2025-11-12T20:54:39","date_gmt":"2025-11-12T19:54:39","guid":{"rendered":"https:\/\/frohsinn.com\/cms\/?page_id=14815"},"modified":"2025-11-12T21:24:34","modified_gmt":"2025-11-12T20:24:34","slug":"festgelaende","status":"publish","type":"page","link":"https:\/\/frohsinn.com\/cms\/?page_id=14815","title":{"rendered":"Festgel\u00e4nde"},"content":{"rendered":"\n<div class=\"wp-block-gmap-gmap-block gmap-block-m5dvazdo\"><iframe src=\"https:\/\/maps.google.com\/maps?q=Zimmerei+Holzbau+Meier+%2B+Brunner+AG&amp;z=16&amp;t=k&amp;output=embed\" class=\"embd-map\" title=\"Zimmerei Holzbau Meier + Brunner AG\"><\/iframe><\/div>\n\n\n\n<h3 class=\"wp-block-heading\">\ud83d\udccd Festgel\u00e4nde<\/h3>\n\n\n\n<p>Der <strong>Thaler March Contest<\/strong> findet auf dem Areal der <strong>Zimmerei Holzbau Meier + Brunner AG in Laupersdorf<\/strong> statt. Das grossz\u00fcgige Gel\u00e4nde bietet ideale Bedingungen f\u00fcr Musikformationen, Besucherinnen und Besucher \u2013 mit guter Infrastruktur, ausreichend Platz und einer stimmungsvollen Umgebung.<\/p>\n\n\n\n<h3 class=\"wp-block-heading\">\ud83c\udfba Austragungsort<\/h3>\n\n\n\n<p>Die teilnehmenden Formationen pr\u00e4sentieren sich <strong>stehend auf einer B\u00fchne<\/strong> und spielen dort je einen <strong>Choral und einen Marsch<\/strong>.<br>Das Publikum kann die Auftritte aus n\u00e4chster N\u00e4he verfolgen und die besondere Atmosph\u00e4re geniessen. Die B\u00fchne ist zentral auf dem Festgel\u00e4nde platziert, umgeben von gem\u00fctlichen Begegnungszonen und Verpflegungsst\u00e4nden.<\/p>\n\n\n\n<h3 class=\"wp-block-heading\">\ud83c\udf54 Festbetrieb<\/h3>\n\n\n\n<p>W\u00e4hrend und nach dem Wettbewerb sorgt ein vielseitiger <strong>Festbetrieb<\/strong> f\u00fcr das leibliche Wohl:<\/p>\n\n\n\n<ul class=\"wp-block-list\">\n<li>Festwirtschaft mit regionalen Spezialit\u00e4ten<\/li>\n\n\n\n<li>Getr\u00e4nkestand und Bar<\/li>\n<\/ul>\n\n\n\n<p>Am Abend wird das Festgel\u00e4nde zum Treffpunkt f\u00fcr Musikanten, Fans und G\u00e4ste \u2013 mit musikalischer Unterhaltung und geselligem Ausklang.<\/p>\n\n\n\n<h3 class=\"wp-block-heading\">\ud83d\ude97 Anreise &amp; Parkpl\u00e4tze<\/h3>\n\n\n\n<p>Direkt beim Festgel\u00e4nde stehen ausreichend <strong>Parkpl\u00e4tze<\/strong> zur Verf\u00fcgung.<br>Das Areal ist zudem bequem <strong>zu Fuss oder mit dem \u00d6V<\/strong> erreichbar (Busverbindungen ab Balsthal oder Moutier bis Haltestelle <em>Laupersdorf Dorf<\/em>).<\/p>\n","protected":false},"excerpt":{"rendered":"<p>\ud83d\udccd Festgel\u00e4nde Der Thaler March Contest findet auf dem Areal der Zimmerei Holzbau Meier + Brunner AG in Laupersdorf statt. Das grossz\u00fcgige Gel\u00e4nde bietet ideale Bedingungen f\u00fcr Musikformationen, Besucherinnen und Besucher \u2013 mit guter Infrastruktur, ausreichend Platz und einer stimmungsvollen Umgebung. \ud83c\udfba Austragungsort Die teilnehmenden Formationen pr\u00e4sentieren sich stehend auf einer B\u00fchne und spielen dort &hellip; <\/p>\n<p class=\"link-more\"><a href=\"https:\/\/frohsinn.com\/cms\/?page_id=14815\" class=\"more-link\"><span class=\"screen-reader-text\">\u201eFestgel\u00e4nde\u201c <\/span>weiterlesen<\/a><\/p>\n","protected":false},"author":2,"featured_media":0,"parent":14776,"menu_order":0,"comment_status":"closed","ping_status":"closed","template":"","meta":{"ngg_post_thumbnail":0,"jetpack_post_was_ever_published":false,"footnotes":""},"class_list":["post-14815","page","type-page","status-publish","hentry"],"jetpack_shortlink":"https:\/\/wp.me\/P1t2Ta-3QX","jetpack_sharing_enabled":true,"_links":{"self":[{"href":"https:\/\/frohsinn.com\/cms\/index.php?rest_route=\/wp\/v2\/pages\/14815","targetHints":{"allow":["GET"]}}],"collection":[{"href":"https:\/\/frohsinn.com\/cms\/index.php?rest_route=\/wp\/v2\/pages"}],"about":[{"href":"https:\/\/frohsinn.com\/cms\/index.php?rest_route=\/wp\/v2\/types\/page"}],"author":[{"embeddable":true,"href":"https:\/\/frohsinn.com\/cms\/index.php?rest_route=\/wp\/v2\/users\/2"}],"replies":[{"embeddable":true,"href":"https:\/\/frohsinn.com\/cms\/index.php?rest_route=%2Fwp%2Fv2%2Fcomments&post=14815"}],"version-history":[{"count":2,"href":"https:\/\/frohsinn.com\/cms\/index.php?rest_route=\/wp\/v2\/pages\/14815\/revisions"}],"predecessor-version":[{"id":14828,"href":"https:\/\/frohsinn.com\/cms\/index.php?rest_route=\/wp\/v2\/pages\/14815\/revisions\/14828"}],"up":[{"embeddable":true,"href":"https:\/\/frohsinn.com\/cms\/index.php?rest_route=\/wp\/v2\/pages\/14776"}],"wp:attachment":[{"href":"https:\/\/frohsinn.com\/cms\/index.php?rest_route=%2Fwp%2Fv2%2Fmedia&parent=14815"}],"curies":[{"name":"wp","href":"https:\/\/api.w.org\/{rel}","templated":true}]}}