{"id":14817,"date":"2025-11-12T20:55:56","date_gmt":"2025-11-12T19:55:56","guid":{"rendered":"https:\/\/frohsinn.com\/cms\/?page_id=14817"},"modified":"2025-11-12T22:07:40","modified_gmt":"2025-11-12T21:07:40","slug":"sponsoren-partner","status":"publish","type":"page","link":"https:\/\/frohsinn.com\/cms\/?page_id=14817","title":{"rendered":"Sponsoren &#038; Partner"},"content":{"rendered":"\n<p>Ohne die wertvolle Unterst\u00fctzung unserer Sponsoren und Partner w\u00e4re die Durchf\u00fchrung des <strong>Thaler March Contest<\/strong> in dieser Form nicht m\u00f6glich.<br>Die <strong>Brass Band Frohsinn Laupersdorf<\/strong> bedankt sich herzlich bei allen Unternehmen, Institutionen und Privatpersonen, die mit ihrem Engagement zum Gelingen dieses Anlasses beitragen.<\/p>\n\n\n\n<h3 class=\"wp-block-heading\">\ud83d\udc9b Hauptsponsoren<br><\/h3>\n\n\n\n<div class=\"wp-block-columns is-layout-flex wp-container-core-columns-is-layout-9d6595d7 wp-block-columns-is-layout-flex\">\n<div class=\"wp-block-column is-vertically-aligned-center is-layout-flow wp-block-column-is-layout-flow\">\n<figure class=\"wp-block-image size-full\"><a href=\"https:\/\/www.raiffeisen.ch\/balsthal-laupersdorf\/de\/ueber-uns\/ihre-bank-vor-ort.html\" target=\"_blank\" rel=\" noreferrer noopener\"><img loading=\"lazy\" decoding=\"async\" width=\"172\" height=\"26\" src=\"http:\/\/frohsinn.com\/cms\/wp-content\/uploads\/Raiffeisen.png\" alt=\"\" class=\"wp-image-13187\"\/><\/a><\/figure>\n<\/div>\n\n\n\n<div class=\"wp-block-column is-layout-flow wp-block-column-is-layout-flow\">\n<figure class=\"wp-block-image size-full\"><a href=\"https:\/\/www.zimmerei-holzbau.ch\/home\" target=\"_blank\" rel=\" noreferrer noopener\"><img loading=\"lazy\" decoding=\"async\" width=\"519\" height=\"225\" src=\"http:\/\/frohsinn.com\/cms\/wp-content\/uploads\/Zimmerei-Holzbau-Meier-Brunner-AG.jpg\" alt=\"\" class=\"wp-image-13188\" srcset=\"https:\/\/frohsinn.com\/cms\/wp-content\/uploads\/Zimmerei-Holzbau-Meier-Brunner-AG.jpg 519w, https:\/\/frohsinn.com\/cms\/wp-content\/uploads\/Zimmerei-Holzbau-Meier-Brunner-AG-300x130.jpg 300w\" sizes=\"auto, (max-width: 519px) 100vw, 519px\" \/><\/a><\/figure>\n<\/div>\n<\/div>\n\n\n\n<p><\/p>\n","protected":false},"excerpt":{"rendered":"<p>Ohne die wertvolle Unterst\u00fctzung unserer Sponsoren und Partner w\u00e4re die Durchf\u00fchrung des Thaler March Contest in dieser Form nicht m\u00f6glich.Die Brass Band Frohsinn Laupersdorf bedankt sich herzlich bei allen Unternehmen, Institutionen und Privatpersonen, die mit ihrem Engagement zum Gelingen dieses Anlasses beitragen. \ud83d\udc9b Hauptsponsoren<\/p>\n","protected":false},"author":2,"featured_media":0,"parent":14776,"menu_order":0,"comment_status":"closed","ping_status":"closed","template":"","meta":{"ngg_post_thumbnail":0,"jetpack_post_was_ever_published":false,"footnotes":""},"class_list":["post-14817","page","type-page","status-publish","hentry"],"jetpack_shortlink":"https:\/\/wp.me\/P1t2Ta-3QZ","jetpack_sharing_enabled":true,"_links":{"self":[{"href":"https:\/\/frohsinn.com\/cms\/index.php?rest_route=\/wp\/v2\/pages\/14817","targetHints":{"allow":["GET"]}}],"collection":[{"href":"https:\/\/frohsinn.com\/cms\/index.php?rest_route=\/wp\/v2\/pages"}],"about":[{"href":"https:\/\/frohsinn.com\/cms\/index.php?rest_route=\/wp\/v2\/types\/page"}],"author":[{"embeddable":true,"href":"https:\/\/frohsinn.com\/cms\/index.php?rest_route=\/wp\/v2\/users\/2"}],"replies":[{"embeddable":true,"href":"https:\/\/frohsinn.com\/cms\/index.php?rest_route=%2Fwp%2Fv2%2Fcomments&post=14817"}],"version-history":[{"count":4,"href":"https:\/\/frohsinn.com\/cms\/index.php?rest_route=\/wp\/v2\/pages\/14817\/revisions"}],"predecessor-version":[{"id":14835,"href":"https:\/\/frohsinn.com\/cms\/index.php?rest_route=\/wp\/v2\/pages\/14817\/revisions\/14835"}],"up":[{"embeddable":true,"href":"https:\/\/frohsinn.com\/cms\/index.php?rest_route=\/wp\/v2\/pages\/14776"}],"wp:attachment":[{"href":"https:\/\/frohsinn.com\/cms\/index.php?rest_route=%2Fwp%2Fv2%2Fmedia&parent=14817"}],"curies":[{"name":"wp","href":"https:\/\/api.w.org\/{rel}","templated":true}]}}