{"id":2841,"date":"2014-03-29T11:19:53","date_gmt":"2014-03-29T10:19:53","guid":{"rendered":"http:\/\/frohsinn.com\/cms\/?page_id=2841"},"modified":"2024-03-08T06:30:47","modified_gmt":"2024-03-08T05:30:47","slug":"nachwuchs","status":"publish","type":"page","link":"https:\/\/frohsinn.com\/cms\/?page_id=2841","title":{"rendered":"Die Frohsinn investiert in den Nachwuchs"},"content":{"rendered":"\n<p>Nachwuchs ist f\u00fcr jeden Verein der Schl\u00fcssel f\u00fcr die Zukunft. So investiert die BB Frohsinn aktiv in die Jugend.&nbsp;<\/p>\n\n\n\n<p><strong>Musikschulunterricht<\/strong><\/p>\n\n\n\n<p>Unsere eigene Musikschule \u2013 eine tolle Sache!<\/p>\n\n\n\n<p>Musizieren macht Spass, ein Instrument zu spielen bereitet Freude und ist aus p\u00e4dagogischer Sicht ein sehr guter Ausgleich zum Schulunterricht.<\/p>\n\n\n\n<p>F\u00fcr den Musikschulunterricht konnten wir neu <strong>Marco Zehnder<\/strong> als musikalischen Leiter gewinnen. Er ist ein versierter Fachmann, welcher sein grosses K\u00f6nnen und seine Begeisterungsf\u00e4higkeit von Kindern und Jugendlichen bereits mehrmals unter Beweis gestellt hat.<\/p>\n\n\n\n<p>Die BB Frohsinn Kids ist eine Jugendformation die 2015 durch die Brass Band Frohsinn Laupersdorf entstanden ist. Zurzeit sind es 10 Mitglieder und proben jeweils einmal pro Woche unter der Leitung von <strong>Marco Zehnder.<\/strong> Nebst der Musikschule ist dies eine gute Gelegenheit zusammen zu Musizieren, bevor der \u00dcbertritt in die Brass Band Frohsinn erfolgt. Die H\u00f6henpunkte der Frohsinn Kids sind die Auftritte am Jahreskonzert und Adventskonzert der BB Frohsinn sowie auch die Teilnahme an den Jugendmusiktagen.<\/p>\n\n\n\n<p><strong>S\u00e4mtliche Instrumente, Noten und Notenst\u00e4nder werden kostenlos zur Verf\u00fcgung gestellt. Zudem wird der Unterricht durch die BB Frohsinn finanziert.&nbsp;<\/strong><\/p>\n\n\n\n<p>Bei den BB Frohsinn Kids k\u00f6nnen bereits Kinder ab dem Kindergartenalter mitmachen.<\/p>\n\n\n\n<p>Ab der 3. Klasse wechseln sie dann zur Musikschule Laupersdorf um dort den Unterricht zu besuchen. Sie werden aber weiterhin an gemeinsamen Klassenstunden und Konzerten teilnehmen.<\/p>\n\n\n\n<p><strong>Quereinsteiger*innen sind herzlich willkommen!<\/strong><\/p>\n\n\n\n<p>Nat\u00fcrlich sind auch weitere Musikfreunde jederzeit in der BB Frohsinn willkommen. Wir durften in den letzten Jahren bereits einige Zugezogene und Quereinsteiger erfolgreich im Verein integrieren.<\/p>\n\n\n\n<p><strong>Haben Sie Interesse oder Fragen?&nbsp;<\/strong><\/p>\n\n\n\n<p><strong>Sibyll Brunner beantwortet gerne Ihre Fragen: 079 829 96 15<\/strong><\/p>\n","protected":false},"excerpt":{"rendered":"<p>Nachwuchs ist f\u00fcr jeden Verein der Schl\u00fcssel f\u00fcr die Zukunft. So investiert die BB Frohsinn aktiv in die Jugend.&nbsp; Musikschulunterricht Unsere eigene Musikschule \u2013 eine tolle Sache! Musizieren macht Spass, ein Instrument zu spielen bereitet Freude und ist aus p\u00e4dagogischer Sicht ein sehr guter Ausgleich zum Schulunterricht. F\u00fcr den Musikschulunterricht konnten wir neu Marco Zehnder &hellip; <\/p>\n<p class=\"link-more\"><a href=\"https:\/\/frohsinn.com\/cms\/?page_id=2841\" class=\"more-link\"><span class=\"screen-reader-text\">\u201eDie Frohsinn investiert in den Nachwuchs\u201c <\/span>weiterlesen<\/a><\/p>\n","protected":false},"author":2,"featured_media":0,"parent":0,"menu_order":0,"comment_status":"closed","ping_status":"open","template":"","meta":{"ngg_post_thumbnail":0,"jetpack_post_was_ever_published":false,"footnotes":""},"class_list":["post-2841","page","type-page","status-publish","hentry"],"jetpack_shortlink":"https:\/\/wp.me\/P1t2Ta-JP","jetpack_sharing_enabled":true,"_links":{"self":[{"href":"https:\/\/frohsinn.com\/cms\/index.php?rest_route=\/wp\/v2\/pages\/2841","targetHints":{"allow":["GET"]}}],"collection":[{"href":"https:\/\/frohsinn.com\/cms\/index.php?rest_route=\/wp\/v2\/pages"}],"about":[{"href":"https:\/\/frohsinn.com\/cms\/index.php?rest_route=\/wp\/v2\/types\/page"}],"author":[{"embeddable":true,"href":"https:\/\/frohsinn.com\/cms\/index.php?rest_route=\/wp\/v2\/users\/2"}],"replies":[{"embeddable":true,"href":"https:\/\/frohsinn.com\/cms\/index.php?rest_route=%2Fwp%2Fv2%2Fcomments&post=2841"}],"version-history":[{"count":22,"href":"https:\/\/frohsinn.com\/cms\/index.php?rest_route=\/wp\/v2\/pages\/2841\/revisions"}],"predecessor-version":[{"id":13662,"href":"https:\/\/frohsinn.com\/cms\/index.php?rest_route=\/wp\/v2\/pages\/2841\/revisions\/13662"}],"wp:attachment":[{"href":"https:\/\/frohsinn.com\/cms\/index.php?rest_route=%2Fwp%2Fv2%2Fmedia&parent=2841"}],"curies":[{"name":"wp","href":"https:\/\/api.w.org\/{rel}","templated":true}]}}