{"id":7534,"date":"2015-09-13T10:52:11","date_gmt":"2015-09-13T09:52:11","guid":{"rendered":"http:\/\/frohsinn.com\/cms\/?page_id=7534"},"modified":"2024-05-27T22:15:40","modified_gmt":"2024-05-27T21:15:40","slug":"die-ersten-175-jahre","status":"publish","type":"page","link":"https:\/\/frohsinn.com\/cms\/?page_id=7534","title":{"rendered":"Die Geschichte der Frohsinn"},"content":{"rendered":"\n<p>Nach langer und intensiver Arbeit freut es uns, dir die Chronik zum 200 Jahr Jubil\u00e4um der Frohsinn zu pr\u00e4sentieren:<\/p>\n\n\n\n<div data-wp-interactive=\"core\/file\" class=\"wp-block-file\"><object data-wp-bind--hidden=\"!state.hasPdfPreview\" hidden class=\"wp-block-file__embed\" data=\"http:\/\/frohsinn.com\/cms\/wp-content\/uploads\/Chronik_200_Jahre_Frohsinn_Laupersdorf_72dpi.pdf\" type=\"application\/pdf\" style=\"width:100%;height:600px\" aria-label=\"Einbettung von Chronik_200_Jahre_Frohsinn_Laupersdorf_72dpi.\"><\/object><a id=\"wp-block-file--media-80725359-7e33-4055-8eb7-c8502b78e310\" href=\"http:\/\/frohsinn.com\/cms\/wp-content\/uploads\/Chronik_200_Jahre_Frohsinn_Laupersdorf_72dpi.pdf\">Chronik_200_Jahre_Frohsinn_Laupersdorf_72dpi<\/a><a href=\"http:\/\/frohsinn.com\/cms\/wp-content\/uploads\/Chronik_200_Jahre_Frohsinn_Laupersdorf_72dpi.pdf\" class=\"wp-block-file__button wp-element-button\" download aria-describedby=\"wp-block-file--media-80725359-7e33-4055-8eb7-c8502b78e310\">Herunterladen<\/a><\/div>\n\n\n\n<p>Ein herzliches Dankesch\u00f6n f\u00fcr die enorme Arbeit an das Team Chronik mit Daniel Fl\u00fcck, Andreas Kamber und Gabriel Schaad.<\/p>\n","protected":false},"excerpt":{"rendered":"<p>Nach langer und intensiver Arbeit freut es uns, dir die Chronik zum 200 Jahr Jubil\u00e4um der Frohsinn zu pr\u00e4sentieren: Ein herzliches Dankesch\u00f6n f\u00fcr die enorme Arbeit an das Team Chronik mit Daniel Fl\u00fcck, Andreas Kamber und Gabriel Schaad.<\/p>\n","protected":false},"author":2,"featured_media":0,"parent":0,"menu_order":0,"comment_status":"closed","ping_status":"open","template":"","meta":{"ngg_post_thumbnail":0,"jetpack_post_was_ever_published":false,"footnotes":""},"class_list":["post-7534","page","type-page","status-publish","hentry"],"jetpack_shortlink":"https:\/\/wp.me\/P1t2Ta-1Xw","jetpack_sharing_enabled":true,"_links":{"self":[{"href":"https:\/\/frohsinn.com\/cms\/index.php?rest_route=\/wp\/v2\/pages\/7534","targetHints":{"allow":["GET"]}}],"collection":[{"href":"https:\/\/frohsinn.com\/cms\/index.php?rest_route=\/wp\/v2\/pages"}],"about":[{"href":"https:\/\/frohsinn.com\/cms\/index.php?rest_route=\/wp\/v2\/types\/page"}],"author":[{"embeddable":true,"href":"https:\/\/frohsinn.com\/cms\/index.php?rest_route=\/wp\/v2\/users\/2"}],"replies":[{"embeddable":true,"href":"https:\/\/frohsinn.com\/cms\/index.php?rest_route=%2Fwp%2Fv2%2Fcomments&post=7534"}],"version-history":[{"count":7,"href":"https:\/\/frohsinn.com\/cms\/index.php?rest_route=\/wp\/v2\/pages\/7534\/revisions"}],"predecessor-version":[{"id":13739,"href":"https:\/\/frohsinn.com\/cms\/index.php?rest_route=\/wp\/v2\/pages\/7534\/revisions\/13739"}],"wp:attachment":[{"href":"https:\/\/frohsinn.com\/cms\/index.php?rest_route=%2Fwp%2Fv2%2Fmedia&parent=7534"}],"curies":[{"name":"wp","href":"https:\/\/api.w.org\/{rel}","templated":true}]}}