{"id":7557,"date":"2015-09-13T11:46:15","date_gmt":"2015-09-13T10:46:15","guid":{"rendered":"http:\/\/frohsinn.com\/cms\/?page_id=7557"},"modified":"2015-09-13T11:46:15","modified_gmt":"2015-09-13T10:46:15","slug":"im-peterbueb-sis-wasserchesseli","status":"publish","type":"page","link":"https:\/\/frohsinn.com\/cms\/?page_id=7557","title":{"rendered":"Im Peterbueb sis Wasserchesseli"},"content":{"rendered":"<p><em>Oberhaub vom Stutz im Aenerholz stoht i hauber H\u00f6chi \u00fcber em Gunggis s&#8217;Karlsh\u00f6fli, es alts Bureh\u00fcsli. I der obere Wohnig vo d\u00e4m H\u00f6fli het dr Adolf Brunner mit sinere Familie gwohnt. Zwe S\u00f6hn vo ihm, dr Franz und dr Alfred, si beid Musikante gsi bi dr Frohsinn. Dr Franz het Pauke gschlage und der Alfred isch e guete Bl\u00e4ser ufem Tenorhorn gsi. Im Summer isch dr Alfred a m\u00e4ngem Obe mit sim Instrum\u00e4nt ungerem Hus n\u00e4bem Brunne gstange und het g\u00e4ges Dorf \u00fcbere es St\u00e4ndeli zum Beste ge.<\/em><\/p>\n<p><em>Ob ihrer Wohnig g\u00e4ge Weidh\u00fcbu ufe isch zu dere Zyt es Grien-Gr\u00fcebli gsi, mi het em s\u2019Chesser-Gr\u00fcebli gseit. D\u00f6rt het dr Peterbueb inere chline s\u00e4uber zimmerete H\u00fctte gwohnt. Als Chessuflicker het er es paar Franke f\u00fcr si L\u00e4besunterhalt m\u00fcsse verdiene. All Tag isch er einisch oder zw\u00f6imol mit sim Chesseli zum Karlish\u00f6fli abe go Wasser hole.<\/em><\/p>\n<p><em>Dr Franz und dr Alfred hei den einisch lang \u00fcberleit, wie si d\u00e4m Peterbueb ch\u00f6nne e Streich spiele. Es paar Tag sp\u00f6ter het sich de der Alfred im Holzschopf hinge versteckt. Er hets Flober binem gha und het ufe Peterbueb gwartet. Es isch nid lang gange, isch d\u00e4 arm Ma mit em Wasserchesseli cho z\u2019laufe und het&#8217;s bim Brunne unger die laufendi Wasserr\u00f6hre gstellt.<\/em><\/p>\n<p><em>Dr Alfred het schon lang uf d\u00e4 Mom\u00e4nt gwartet gha. Er het sis Gwehrli agschlage, zielet und het genau ungenoche is Chesseli gschosse. S\u2019Wasser het\u00a0 bim Chesseli h\u00f6ch ufe gspr\u00fctzt, aber dr Peterbueb het vo dere ganze Sach n\u00fct gmerkt, wil er n\u00fcme guet gseh und gh\u00f6rt het. Er het sis Chesseli gno und isch wieder zu sim H\u00fcsli ufe glofe. Won er de gmerkt het, dass i sim Chesseli jo gar kei Wasser isch, lauft er no einisch zum Brunne abe um go ufzf\u00fclle.<\/em><\/p>\n<p><em>Ungerem Hus het dr Alfred nat\u00fcrlich schon ufne gwartet und heimlich uf de Stockz\u00e4ng glachet. \u201eDu muesch dis Wasserchesseli wieder einisch flicke\u201c, het dr Alfred im Peterbueb zugr\u00fceft, &#8222;s\u2019Wasser lauft jo vom Chesseli grad dur zw\u00f6i L\u00f6cher wieder i Brunnetrog.&#8220; Dr Peterbueb het sich abeb\u00fcckt und das Chesseli lang agluegt. Er het n\u00fct gseit und isch heizue glofe.<\/em><\/p>\n<p><em>Vo d\u00e4m ganze Schiess-Buebestreich het dr Alfred deheim lang n\u00fct gseit, s\u00fcsch h\u00e4tte sini Eutere sicher nit Freud gha.<\/em><\/p>\n<p><em>Si Brueder, dr Franz, und es paar Musikante hei \u00fcber d\u00e4 Streich nat\u00fcrlich m\u00e4ngisch glachet und lustig gspottet \u00fcbere Peterbueb.<\/em><\/p>\n<p>Konrad Brunner<\/p>\n","protected":false},"excerpt":{"rendered":"<p>Oberhaub vom Stutz im Aenerholz stoht i hauber H\u00f6chi \u00fcber em Gunggis s&#8217;Karlsh\u00f6fli, es alts Bureh\u00fcsli. I der obere Wohnig vo d\u00e4m H\u00f6fli het dr Adolf Brunner mit sinere Familie gwohnt. Zwe S\u00f6hn vo ihm, dr Franz und dr Alfred, si beid Musikante gsi bi dr Frohsinn. Dr Franz het Pauke gschlage und der Alfred &hellip; <\/p>\n<p class=\"link-more\"><a href=\"https:\/\/frohsinn.com\/cms\/?page_id=7557\" class=\"more-link\"><span class=\"screen-reader-text\">\u201eIm Peterbueb sis Wasserchesseli\u201c <\/span>weiterlesen<\/a><\/p>\n","protected":false},"author":2,"featured_media":0,"parent":7544,"menu_order":0,"comment_status":"closed","ping_status":"open","template":"","meta":{"ngg_post_thumbnail":0,"jetpack_post_was_ever_published":false,"footnotes":""},"class_list":["post-7557","page","type-page","status-publish","hentry"],"jetpack_shortlink":"https:\/\/wp.me\/P1t2Ta-1XT","jetpack_sharing_enabled":true,"_links":{"self":[{"href":"https:\/\/frohsinn.com\/cms\/index.php?rest_route=\/wp\/v2\/pages\/7557","targetHints":{"allow":["GET"]}}],"collection":[{"href":"https:\/\/frohsinn.com\/cms\/index.php?rest_route=\/wp\/v2\/pages"}],"about":[{"href":"https:\/\/frohsinn.com\/cms\/index.php?rest_route=\/wp\/v2\/types\/page"}],"author":[{"embeddable":true,"href":"https:\/\/frohsinn.com\/cms\/index.php?rest_route=\/wp\/v2\/users\/2"}],"replies":[{"embeddable":true,"href":"https:\/\/frohsinn.com\/cms\/index.php?rest_route=%2Fwp%2Fv2%2Fcomments&post=7557"}],"version-history":[{"count":1,"href":"https:\/\/frohsinn.com\/cms\/index.php?rest_route=\/wp\/v2\/pages\/7557\/revisions"}],"predecessor-version":[{"id":7558,"href":"https:\/\/frohsinn.com\/cms\/index.php?rest_route=\/wp\/v2\/pages\/7557\/revisions\/7558"}],"up":[{"embeddable":true,"href":"https:\/\/frohsinn.com\/cms\/index.php?rest_route=\/wp\/v2\/pages\/7544"}],"wp:attachment":[{"href":"https:\/\/frohsinn.com\/cms\/index.php?rest_route=%2Fwp%2Fv2%2Fmedia&parent=7557"}],"curies":[{"name":"wp","href":"https:\/\/api.w.org\/{rel}","templated":true}]}}