{"id":7559,"date":"2015-09-13T11:47:21","date_gmt":"2015-09-13T10:47:21","guid":{"rendered":"http:\/\/frohsinn.com\/cms\/?page_id=7559"},"modified":"2015-09-13T11:47:36","modified_gmt":"2015-09-13T10:47:36","slug":"e-musigtag-ohni-pauke","status":"publish","type":"page","link":"https:\/\/frohsinn.com\/cms\/?page_id=7559","title":{"rendered":"E Musigtag ohni Pauke"},"content":{"rendered":"<p><em>Es muess ungef\u00e4hr im Johr 1925 gsi sy, wo d&#8217;Musikante vo der Frohsinn am Musigtag inere Thaler Gemeind teil gno hei.<img decoding=\"async\" title=\"Weiterlesen \u2026\" alt=\"\" src=\"http:\/\/frohsinn.com\/cms\/wp-includes\/js\/tinymce\/plugins\/wordpress\/img\/trans.gif\" \/><\/em><\/p>\n<p><em>Dr Verein isch damals unger dr Leitig vom Musigdir\u00e4kter Alois Kr\u00e4mer gstange. Er isch geb\u00fcrdige Lothringer gsi und isch au no B\u00fcrger vo G\u00e4nsbrunne gsi. Er het zu s\u00e4uber Zyt e musikalischi Usbildig gha.<\/em><\/p>\n<p><em>Dr ganz Verein het sich denn a dem Sundig bi dr Krone obe bereit gmacht, um mit emene flotte Marsch durs Dorf abe z&#8217;marschiere. S\u00e4ubemou isch \u00f6isi Dorfstross noni teeret gsi und au nit so breit wie si h\u00fct isch. Met emene rassige Trommelschlag vom Tambur Ch\u00fcbelibinger isch de Frohsinn abgmarschiert.<\/em><\/p>\n<p><em>Bim Dursjokers Franz unge hei si denn nach emene lute Signaupfiff vom Dirig\u00e4nt mit dr Marschmusig agfange. Es het sch\u00f6n t\u00f6nt und viel L\u00fct vom Dorf sy a dr Stross stange und hei de Musikante zuklatschet.<\/em><\/p>\n<p><em>S\u00e4ubmou het bi der Frohsinn der Franz Brunner, e &#8222;Schinbodner&#8220;, d&#8217;Pauke gschlage. Er isch\u00a0eine vo de j\u00fcngere Musikante gsi und isch mit Abstand dr Chlynscht im Verein gsi. Bi der Marschmusig het er immer e chlei Problem gha, dass er hinger dr grosse Pauke \u00fcberhaupt gseh het, wo die vor ihm laufe. A der Dorfstross bim Jegerst\u00fcbli isch&#8217;s de passiert. Dr Brunner Franz het sich de nat\u00fcrlich intensiv uf sis Marschb\u00fcechli konzentriert und\u00a0isch aber de immer meh uf die r\u00e4chti Strossesite use glofe.<\/em><\/p>\n<p><em>Pl\u00f6tzlich het&#8217;s e dumpfe Knall ge und dr Paukist Franz ist mit sinere Pauke in ne Hydrant ine glofe, wo am Strasserand gstange isch.<\/em><\/p>\n<p><em>D&#8217;Frohsinn isch denn ohni Paukeschlag witer gmarschiert und het dr Marsch fertig gspielt.<\/em><\/p>\n<p><em>Dr Schinbodner Franz isch denn mit siner Pauke, wo n\u00fcm so sch\u00f6n usgseh get, wie ne arme S\u00fcnder hingerem Verein noche trampet. Wo me denn bim Storche unge die Pauke n\u00f6cher agluegt het, het me gseh, dass die beide F\u00e4li usgseh hei wie ne nasse H\u00e4rd\u00f6pfusack und dr Holzrahme isch stark verbroche gsi.<\/em><\/p>\n<p><em>Me isch aber de glich a de Musigtag gange, aber s\u00e4ubmou ohni Pauke.<\/em><\/p>\n<p>Konrad Brunner<\/p>\n<p>&nbsp;<\/p>\n","protected":false},"excerpt":{"rendered":"<p>Es muess ungef\u00e4hr im Johr 1925 gsi sy, wo d&#8217;Musikante vo der Frohsinn am Musigtag inere Thaler Gemeind teil gno hei. Dr Verein isch damals unger dr Leitig vom Musigdir\u00e4kter Alois Kr\u00e4mer gstange. Er isch geb\u00fcrdige Lothringer gsi und isch au no B\u00fcrger vo G\u00e4nsbrunne gsi. Er het zu s\u00e4uber Zyt e musikalischi Usbildig gha. &hellip; <\/p>\n<p class=\"link-more\"><a href=\"https:\/\/frohsinn.com\/cms\/?page_id=7559\" class=\"more-link\"><span class=\"screen-reader-text\">\u201eE Musigtag ohni Pauke\u201c <\/span>weiterlesen<\/a><\/p>\n","protected":false},"author":2,"featured_media":0,"parent":7544,"menu_order":0,"comment_status":"closed","ping_status":"open","template":"","meta":{"ngg_post_thumbnail":0,"jetpack_post_was_ever_published":false,"footnotes":""},"class_list":["post-7559","page","type-page","status-publish","hentry"],"jetpack_shortlink":"https:\/\/wp.me\/P1t2Ta-1XV","jetpack_sharing_enabled":true,"_links":{"self":[{"href":"https:\/\/frohsinn.com\/cms\/index.php?rest_route=\/wp\/v2\/pages\/7559","targetHints":{"allow":["GET"]}}],"collection":[{"href":"https:\/\/frohsinn.com\/cms\/index.php?rest_route=\/wp\/v2\/pages"}],"about":[{"href":"https:\/\/frohsinn.com\/cms\/index.php?rest_route=\/wp\/v2\/types\/page"}],"author":[{"embeddable":true,"href":"https:\/\/frohsinn.com\/cms\/index.php?rest_route=\/wp\/v2\/users\/2"}],"replies":[{"embeddable":true,"href":"https:\/\/frohsinn.com\/cms\/index.php?rest_route=%2Fwp%2Fv2%2Fcomments&post=7559"}],"version-history":[{"count":1,"href":"https:\/\/frohsinn.com\/cms\/index.php?rest_route=\/wp\/v2\/pages\/7559\/revisions"}],"predecessor-version":[{"id":7560,"href":"https:\/\/frohsinn.com\/cms\/index.php?rest_route=\/wp\/v2\/pages\/7559\/revisions\/7560"}],"up":[{"embeddable":true,"href":"https:\/\/frohsinn.com\/cms\/index.php?rest_route=\/wp\/v2\/pages\/7544"}],"wp:attachment":[{"href":"https:\/\/frohsinn.com\/cms\/index.php?rest_route=%2Fwp%2Fv2%2Fmedia&parent=7559"}],"curies":[{"name":"wp","href":"https:\/\/api.w.org\/{rel}","templated":true}]}}