{"id":7562,"date":"2015-09-13T11:48:41","date_gmt":"2015-09-13T10:48:41","guid":{"rendered":"http:\/\/frohsinn.com\/cms\/?page_id=7562"},"modified":"2015-09-13T11:48:55","modified_gmt":"2015-09-13T10:48:55","slug":"es-bindbaum-kaffi","status":"publish","type":"page","link":"https:\/\/frohsinn.com\/cms\/?page_id=7562","title":{"rendered":"Es Bindbaum-Kaffi"},"content":{"rendered":"<p><em>\u00dcisi Frohsinn het bis anfangs de 80-Johre bim Johreskonzert immer im 2. Teil mit ere Uff\u00fcehrig vomene Theater d&#8217;L\u00fct unerhaute.<\/em><\/p>\n<p><em>I au dene Johr het me verschiedeni Lustst\u00fcck i&#8217;studiert und uf der B\u00fchne i der Krone uf&#8217;gf\u00fcert. Es isch i de 60-Johre gsi, wo mir uner der Leitig vom Beat Dietschi s`Theaterst\u00fcck &#8222;s`H\u00f6rrohr&#8220; i m\u00e4ngere Prob i&#8217;studiert hei. Bi de letzte Probe si mir i der Krone uf der B\u00fchni z\u00e4me cho, um \u00fcs as B\u00fchebild und a alli Irichtige hei k\u00f6nne a&#8217;gw\u00f6hne.<\/em><\/p>\n<p><em>Wenn mer aube mit der Prob fertig si gsi, isch me immer bi emene Meitschi, wo au im Theater mit gmacht het, go nes Kaffi trinke. Die ganzi Theatergruppe het de i der Beiz vore no eis zoge und no lang glattert und diskutiert. Mir hei de abgmacht dass mer i K\u00e4ppu g\u00f6ine go s&#8217;Kaffi trinke. S`Fl\u00fcck Beth het de i parne gseit, si s\u00e4ue afe gos Wasser \u00fcbertue. Bi spoter Nacht si mer de s\u00e4ub z`zweut d`Vorstadt us trampet.<\/em><\/p>\n<p><em>Im K\u00e4ppu use isch aber kei T\u00fcr offe gsi und unerinne isch au keis Feister offe gsi. Mir si do i der Finsteri g&#8217;stange und hei \u00fcberleit, wie mir i die Kuchi ine k\u00f6mme.<\/em><\/p>\n<p><em>Uf der S\u00fcdsite vom Wohnhus isch im 1. Stock e grossi Holzlaube mit zwei Feister. Mir hei de ufem ganze Hof nachere Leitere gsuecht, si aber nid f\u00fcndig worde.<\/em><\/p>\n<p><em>Pl\u00f6tzlich hei mir gseh, dass unerem Hus amene Kestelle-Baum e l\u00e4nge Bindbaum a&#8217;staut gsi isch. D\u00e4 Bindbaum hei mir de as Laubegl\u00e4nder anstellt und hei g&#8217;hoffet, dass obe es Feister oder e T\u00fcr offe isch.<\/em><\/p>\n<p><em>I ha de zwei, d\u00fcrmau i d&#8217;H\u00e4ng g&#8217;sp\u00fcit und bi der Bindbaum uf&#8217;kl\u00e4teret und \u00fcbers Gl\u00e4nder ine knorzet.<\/em><\/p>\n<p><em>Zum Gl\u00fcck isch de uf der linge Site e`Feistert\u00fcre offe gsi. I der Annahm, dass das Zimmer nume en Abstell-Chamere sel si, bin ig den i das Zimmer ine trampet.<\/em><\/p>\n<p><em>Pl\u00f6tzlich het den e Frau afo schreie und tobe und ig ha schlotteret und zitteret wi nes Eschbelaub. Es ischs Fl\u00fcck R\u00f6si gsi, im Pius Fl\u00fcck si Schwester. Wo chunsch her und was wotsch du i mim Zimmer het si de ghobet.<\/em><\/p>\n<p><em>I ha mi ganz Muet z\u00e4mme grisse und ihre ganz sch\u00fcch erkl\u00e4rt, dass i numme i Chuchi abe well gos Kaffi-Wasser \u00fcbertue f\u00fcr Theater-Gruppe wo jetzt de no ch\u00f6m.<\/em><\/p>\n<p><em>Si het mi de nume l\u00e4ng a&#8217;gluegt und i bi de zum Zimmer us, bi i der Finsteri s&#8217;St\u00e4ge ab und bi de go d&#8217;Hust\u00fcr ufspliesse.<\/em><\/p>\n<p><em>Chum hei mir den in der Chuchi s&#8217;Wasser f\u00fcrs Kaffi uf e Herd g&#8217;steut, si denn de angere au cho und hei gemeint, s&#8217;Wasser chochi scho.<\/em><\/p>\n<p><em>Ersch wo denn alli s`Kaffi vor ansich gha hei und d`Schnapsfl\u00e4sche ufem Tisch g&#8217;stange isch, hei mir den de angere verzelt, wie mir \u00fcber Umw\u00e4nge i die Chuchi cho si.<\/em><\/p>\n<p><em>Druf abe isch nume no g&#8217;lacht worde und wo mer hei si, isch d`Fl\u00e4sche mit em Schnaps leer gsi.<\/em><\/p>\n<p><em>Dr Fl\u00fcck Pius und si Frau s&#8217;Hedi hei aber nie erfahre, w\u00e4r as bim R\u00f6si im Zimmer i`stige isch.<\/em><\/p>\n<p>Konrad Brunner<\/p>\n","protected":false},"excerpt":{"rendered":"<p>\u00dcisi Frohsinn het bis anfangs de 80-Johre bim Johreskonzert immer im 2. Teil mit ere Uff\u00fcehrig vomene Theater d&#8217;L\u00fct unerhaute. I au dene Johr het me verschiedeni Lustst\u00fcck i&#8217;studiert und uf der B\u00fchne i der Krone uf&#8217;gf\u00fcert. Es isch i de 60-Johre gsi, wo mir uner der Leitig vom Beat Dietschi s`Theaterst\u00fcck &#8222;s`H\u00f6rrohr&#8220; i m\u00e4ngere &hellip; <\/p>\n<p class=\"link-more\"><a href=\"https:\/\/frohsinn.com\/cms\/?page_id=7562\" class=\"more-link\"><span class=\"screen-reader-text\">\u201eEs Bindbaum-Kaffi\u201c <\/span>weiterlesen<\/a><\/p>\n","protected":false},"author":2,"featured_media":0,"parent":7544,"menu_order":0,"comment_status":"closed","ping_status":"open","template":"","meta":{"ngg_post_thumbnail":0,"jetpack_post_was_ever_published":false,"footnotes":""},"class_list":["post-7562","page","type-page","status-publish","hentry"],"jetpack_shortlink":"https:\/\/wp.me\/P1t2Ta-1XY","jetpack_sharing_enabled":true,"_links":{"self":[{"href":"https:\/\/frohsinn.com\/cms\/index.php?rest_route=\/wp\/v2\/pages\/7562","targetHints":{"allow":["GET"]}}],"collection":[{"href":"https:\/\/frohsinn.com\/cms\/index.php?rest_route=\/wp\/v2\/pages"}],"about":[{"href":"https:\/\/frohsinn.com\/cms\/index.php?rest_route=\/wp\/v2\/types\/page"}],"author":[{"embeddable":true,"href":"https:\/\/frohsinn.com\/cms\/index.php?rest_route=\/wp\/v2\/users\/2"}],"replies":[{"embeddable":true,"href":"https:\/\/frohsinn.com\/cms\/index.php?rest_route=%2Fwp%2Fv2%2Fcomments&post=7562"}],"version-history":[{"count":2,"href":"https:\/\/frohsinn.com\/cms\/index.php?rest_route=\/wp\/v2\/pages\/7562\/revisions"}],"predecessor-version":[{"id":7564,"href":"https:\/\/frohsinn.com\/cms\/index.php?rest_route=\/wp\/v2\/pages\/7562\/revisions\/7564"}],"up":[{"embeddable":true,"href":"https:\/\/frohsinn.com\/cms\/index.php?rest_route=\/wp\/v2\/pages\/7544"}],"wp:attachment":[{"href":"https:\/\/frohsinn.com\/cms\/index.php?rest_route=%2Fwp%2Fv2%2Fmedia&parent=7562"}],"curies":[{"name":"wp","href":"https:\/\/api.w.org\/{rel}","templated":true}]}}