{"id":87,"date":"2011-01-11T22:28:21","date_gmt":"2011-01-11T22:28:21","guid":{"rendered":"http:\/\/www.frohsinn.com\/cms\/?page_id=87"},"modified":"2025-02-18T20:11:29","modified_gmt":"2025-02-18T19:11:29","slug":"vereinsleitung","status":"publish","type":"page","link":"https:\/\/frohsinn.com\/cms\/?page_id=87","title":{"rendered":"Organisation"},"content":{"rendered":"\n<p>Seit dem Jahre 2003 wird die Brass Band Frohsinn nicht mehr von einem Pr\u00e4sidenten sondern von einer Vereinsleitung gef\u00fchrt. Anlass zu diesem Entscheid war der ernome Aufwand, der stets auf den Pr\u00e4sidenten gelastet hatte.<\/p>\n\n\n\n<p>Die BBFL entschied sich diese Verantwortung auf mehreren Schultern zu legen und teilte das Amt des Pr\u00e4sidenten auf die beiden neuen Funktionen Repr\u00e4sentant und Koordinator. Weiter wurden die verschiedenen Aufgaben bestimmten Ressorts zugewiesen, so dass nun jedes Vereinsleitungsmitglied f\u00fcr ein Ressort zust\u00e4ndig ist.<\/p>\n\n\n\n<figure class=\"wp-block-table is-style-regular\"><table><tbody><tr><td>Repr\u00e4sentation:<\/td><td>Karin Saner<\/td><\/tr><tr><td>Koordination:<\/td><td>Silvan Schaad<\/td><\/tr><tr><td>Aktuariat:<\/td><td>Dominic Str\u00e4hl<\/td><\/tr><tr><td>Betreuung:<\/td><td>Sibyll Brunner<\/td><\/tr><tr><td>Kasse:<\/td><td>Andreas Kamber<\/td><\/tr><tr><td>Anl\u00e4sse:<\/td><td>Patrick Meister<\/td><\/tr><\/tbody><\/table><\/figure>\n","protected":false},"excerpt":{"rendered":"<p>Seit dem Jahre 2003 wird die Brass Band Frohsinn nicht mehr von einem Pr\u00e4sidenten sondern von einer Vereinsleitung gef\u00fchrt. Anlass zu diesem Entscheid war der ernome Aufwand, der stets auf den Pr\u00e4sidenten gelastet hatte. Die BBFL entschied sich diese Verantwortung auf mehreren Schultern zu legen und teilte das Amt des Pr\u00e4sidenten auf die beiden neuen &hellip; <\/p>\n<p class=\"link-more\"><a href=\"https:\/\/frohsinn.com\/cms\/?page_id=87\" class=\"more-link\"><span class=\"screen-reader-text\">\u201eOrganisation\u201c <\/span>weiterlesen<\/a><\/p>\n","protected":false},"author":5,"featured_media":0,"parent":14,"menu_order":3,"comment_status":"closed","ping_status":"closed","template":"","meta":{"ngg_post_thumbnail":0,"jetpack_post_was_ever_published":false,"footnotes":""},"class_list":["post-87","page","type-page","status-publish","hentry"],"jetpack_shortlink":"https:\/\/wp.me\/P1t2Ta-1p","jetpack_sharing_enabled":true,"_links":{"self":[{"href":"https:\/\/frohsinn.com\/cms\/index.php?rest_route=\/wp\/v2\/pages\/87","targetHints":{"allow":["GET"]}}],"collection":[{"href":"https:\/\/frohsinn.com\/cms\/index.php?rest_route=\/wp\/v2\/pages"}],"about":[{"href":"https:\/\/frohsinn.com\/cms\/index.php?rest_route=\/wp\/v2\/types\/page"}],"author":[{"embeddable":true,"href":"https:\/\/frohsinn.com\/cms\/index.php?rest_route=\/wp\/v2\/users\/5"}],"replies":[{"embeddable":true,"href":"https:\/\/frohsinn.com\/cms\/index.php?rest_route=%2Fwp%2Fv2%2Fcomments&post=87"}],"version-history":[{"count":47,"href":"https:\/\/frohsinn.com\/cms\/index.php?rest_route=\/wp\/v2\/pages\/87\/revisions"}],"predecessor-version":[{"id":14648,"href":"https:\/\/frohsinn.com\/cms\/index.php?rest_route=\/wp\/v2\/pages\/87\/revisions\/14648"}],"up":[{"embeddable":true,"href":"https:\/\/frohsinn.com\/cms\/index.php?rest_route=\/wp\/v2\/pages\/14"}],"wp:attachment":[{"href":"https:\/\/frohsinn.com\/cms\/index.php?rest_route=%2Fwp%2Fv2%2Fmedia&parent=87"}],"curies":[{"name":"wp","href":"https:\/\/api.w.org\/{rel}","templated":true}]}}