{"id":90,"date":"2011-01-11T22:28:59","date_gmt":"2011-01-11T22:28:59","guid":{"rendered":"http:\/\/www.frohsinn.com\/cms\/?page_id=90"},"modified":"2026-03-01T11:08:26","modified_gmt":"2026-03-01T10:08:26","slug":"musikkomission","status":"publish","type":"page","link":"https:\/\/frohsinn.com\/cms\/?page_id=90","title":{"rendered":"Musikkommission"},"content":{"rendered":"\n<p>S\u00e4mtliche Aufgaben, die im entferntesten Sinne etwas mit Musik zu tun haben, werden von der Musikkommission \u00fcbernommen. Dazu geh\u00f6ren zum Beispiel die Definition des Probeplanes und die Auswahl der Literatur.<\/p>\n\n\n\n<figure class=\"wp-block-table\"><table><tbody><tr><td>Pr\u00e4sidentin:<\/td><td>Martin B\u00fcttler<\/td><\/tr><tr><td>Archivar:<\/td><td>Interne Regelung<\/td><\/tr><tr><td>Direktion:<\/td><td>Marco Zehnder<\/td><\/tr><tr><td>Aktuarin:<\/td><td>Karin Saner<\/td><\/tr><tr><td>Beisitzer:<\/td><td>Dagmar Schaad \/ Jules Probst<\/td><\/tr><\/tbody><\/table><\/figure>\n\n\n\n<p><\/p>\n","protected":false},"excerpt":{"rendered":"<p>S\u00e4mtliche Aufgaben, die im entferntesten Sinne etwas mit Musik zu tun haben, werden von der Musikkommission \u00fcbernommen. Dazu geh\u00f6ren zum Beispiel die Definition des Probeplanes und die Auswahl der Literatur. Pr\u00e4sidentin: Martin B\u00fcttler Archivar: Interne Regelung Direktion: Marco Zehnder Aktuarin: Karin Saner Beisitzer: Dagmar Schaad \/ Jules Probst<\/p>\n","protected":false},"author":5,"featured_media":0,"parent":14,"menu_order":4,"comment_status":"closed","ping_status":"closed","template":"","meta":{"ngg_post_thumbnail":0,"jetpack_post_was_ever_published":false,"footnotes":""},"class_list":["post-90","page","type-page","status-publish","hentry"],"jetpack_shortlink":"https:\/\/wp.me\/P1t2Ta-1s","jetpack_sharing_enabled":true,"_links":{"self":[{"href":"https:\/\/frohsinn.com\/cms\/index.php?rest_route=\/wp\/v2\/pages\/90","targetHints":{"allow":["GET"]}}],"collection":[{"href":"https:\/\/frohsinn.com\/cms\/index.php?rest_route=\/wp\/v2\/pages"}],"about":[{"href":"https:\/\/frohsinn.com\/cms\/index.php?rest_route=\/wp\/v2\/types\/page"}],"author":[{"embeddable":true,"href":"https:\/\/frohsinn.com\/cms\/index.php?rest_route=\/wp\/v2\/users\/5"}],"replies":[{"embeddable":true,"href":"https:\/\/frohsinn.com\/cms\/index.php?rest_route=%2Fwp%2Fv2%2Fcomments&post=90"}],"version-history":[{"count":29,"href":"https:\/\/frohsinn.com\/cms\/index.php?rest_route=\/wp\/v2\/pages\/90\/revisions"}],"predecessor-version":[{"id":14888,"href":"https:\/\/frohsinn.com\/cms\/index.php?rest_route=\/wp\/v2\/pages\/90\/revisions\/14888"}],"up":[{"embeddable":true,"href":"https:\/\/frohsinn.com\/cms\/index.php?rest_route=\/wp\/v2\/pages\/14"}],"wp:attachment":[{"href":"https:\/\/frohsinn.com\/cms\/index.php?rest_route=%2Fwp%2Fv2%2Fmedia&parent=90"}],"curies":[{"name":"wp","href":"https:\/\/api.w.org\/{rel}","templated":true}]}}